{"id":11,"date":"2018-06-27T17:14:09","date_gmt":"2018-06-27T15:14:09","guid":{"rendered":"https:\/\/www.globos.de\/?page_id=11"},"modified":"2023-02-10T15:33:13","modified_gmt":"2023-02-10T14:33:13","slug":"leistungen","status":"publish","type":"page","link":"https:\/\/www.globos.de\/en\/leistungen\/","title":{"rendered":"Services"},"content":{"rendered":"\n<div class=\"wp-block-group\"><div class=\"wp-block-group__inner-container is-layout-flow wp-block-group-is-layout-flow\">\n<h1 class=\"has-text-align-center wp-block-heading\" data-toc=\"\">Unsere Leistungen f\u00fcr Sie im \u00dcberblick<\/h1>\n\n\n\n<p class=\"has-text-align-center\">GLOBOS steht Ihnen w\u00e4hrend allen Phasen der Projektintegration und -implementierung zur Seite. Von der Angebotsphase, \u00fcber das Projektmanagement sowie der eigentlichen Integration. Auch im Anschluss stehen wir Ihnen jederzeit beratend zur Seite. Nehmen Sie unser Help Desk-Angebot wahr oder nutzen Sie unseren Reparatur- und Wartungsservice.<\/p>\n<\/div><\/div>\n\n\n\n<div class=\"wp-block-group\"><div class=\"wp-block-group__inner-container is-layout-flow wp-block-group-is-layout-flow\"><p>[customer-journey]<\/p>\n<\/div><\/div>\n\n\n\n<div class=\"wp-block-group\"><div class=\"wp-block-group__inner-container is-layout-flow wp-block-group-is-layout-flow\"><\/div><\/div>\n","protected":false},"excerpt":{"rendered":"<p>Unsere Leistungen f\u00fcr Sie im \u00dcberblick GLOBOS steht Ihnen w\u00e4hrend allen Phasen der Projektintegration und -implementierung zur Seite. Von der Angebotsphase, \u00fcber das Projektmanagement sowie der eigentlichen Integration. Auch im\u2026<\/p>\n","protected":false},"author":1,"featured_media":24174,"parent":0,"menu_order":20,"comment_status":"closed","ping_status":"closed","template":"","meta":{"_EventAllDay":false,"_EventTimezone":"","_EventStartDate":"","_EventEndDate":"","_EventStartDateUTC":"","_EventEndDateUTC":"","_EventShowMap":false,"_EventShowMapLink":false,"_EventURL":"","_EventCost":"","_EventCostDescription":"","_EventCurrencySymbol":"","_EventCurrencyCode":"","_EventCurrencyPosition":"","_EventDateTimeSeparator":"","_EventTimeRangeSeparator":"","_EventOrganizerID":[],"_EventVenueID":[],"_OrganizerEmail":"","_OrganizerPhone":"","_OrganizerWebsite":"","_VenueAddress":"","_VenueCity":"","_VenueCountry":"","_VenueProvince":"","_VenueState":"","_VenueZip":"","_VenuePhone":"","_VenueURL":"","_VenueStateProvince":"","_VenueLat":"","_VenueLng":"","_VenueShowMap":false,"_VenueShowMapLink":false,"footnotes":""},"class_list":["post-11","page","type-page","status-publish","has-post-thumbnail","hentry"],"_links":{"self":[{"href":"https:\/\/www.globos.de\/en\/wp-json\/wp\/v2\/pages\/11","targetHints":{"allow":["GET"]}}],"collection":[{"href":"https:\/\/www.globos.de\/en\/wp-json\/wp\/v2\/pages"}],"about":[{"href":"https:\/\/www.globos.de\/en\/wp-json\/wp\/v2\/types\/page"}],"author":[{"embeddable":true,"href":"https:\/\/www.globos.de\/en\/wp-json\/wp\/v2\/users\/1"}],"replies":[{"embeddable":true,"href":"https:\/\/www.globos.de\/en\/wp-json\/wp\/v2\/comments?post=11"}],"version-history":[{"count":11,"href":"https:\/\/www.globos.de\/en\/wp-json\/wp\/v2\/pages\/11\/revisions"}],"predecessor-version":[{"id":25439,"href":"https:\/\/www.globos.de\/en\/wp-json\/wp\/v2\/pages\/11\/revisions\/25439"}],"wp:featuredmedia":[{"embeddable":true,"href":"https:\/\/www.globos.de\/en\/wp-json\/wp\/v2\/media\/24174"}],"wp:attachment":[{"href":"https:\/\/www.globos.de\/en\/wp-json\/wp\/v2\/media?parent=11"}],"curies":[{"name":"wp","href":"https:\/\/api.w.org\/{rel}","templated":true}]}}