{"id":19502,"date":"2020-09-10T14:47:45","date_gmt":"2020-09-10T12:47:45","guid":{"rendered":"https:\/\/www.globos.de\/?page_id=19502"},"modified":"2022-11-17T15:17:44","modified_gmt":"2022-11-17T14:17:44","slug":"globostream","status":"publish","type":"page","link":"https:\/\/www.globos.de\/en\/unternehmen\/globostream\/","title":{"rendered":"GLOBOStream &#8211; Online Workshops"},"content":{"rendered":"\n<div class=\"wp-block-group\"><div class=\"wp-block-group__inner-container is-layout-flow wp-block-group-is-layout-flow\">\n<div class=\"wp-block-group\"><div class=\"wp-block-group__inner-container is-layout-flow wp-block-group-is-layout-flow\">\n<div class=\"wp-block-columns is-layout-flex wp-container-core-columns-is-layout-9d6595d7 wp-block-columns-is-layout-flex\">\n<div class=\"wp-block-column is-layout-flow wp-block-column-is-layout-flow\">\n<figure class=\"wp-block-image size-large\"><img loading=\"lazy\" decoding=\"async\" width=\"1024\" height=\"576\" src=\"https:\/\/www.globos.de\/wp-content\/uploads\/2022\/11\/Sequenz-01.00_04_01_10.Standbild002-1-1024x576.jpg\" alt=\"\" class=\"wp-image-25099\" srcset=\"https:\/\/www.globos.de\/wp-content\/uploads\/2022\/11\/Sequenz-01.00_04_01_10.Standbild002-1-1024x576.jpg 1024w, https:\/\/www.globos.de\/wp-content\/uploads\/2022\/11\/Sequenz-01.00_04_01_10.Standbild002-1-768x432.jpg 768w, https:\/\/www.globos.de\/wp-content\/uploads\/2022\/11\/Sequenz-01.00_04_01_10.Standbild002-1-1536x864.jpg 1536w, https:\/\/www.globos.de\/wp-content\/uploads\/2022\/11\/Sequenz-01.00_04_01_10.Standbild002-1-380x214.jpg 380w, https:\/\/www.globos.de\/wp-content\/uploads\/2022\/11\/Sequenz-01.00_04_01_10.Standbild002-1.jpg 1920w\" sizes=\"auto, (max-width: 1024px) 100vw, 1024px\" \/><\/figure>\n<\/div>\n\n\n\n<div class=\"wp-block-column is-layout-flow wp-block-column-is-layout-flow\">\n<div style=\"height:100px\" aria-hidden=\"true\" class=\"wp-block-spacer\"><\/div>\n\n\n\n<h2 class=\"wp-block-heading\" data-toc=\"\"><strong>GLOBOStream &#8211; Online Workshops<\/strong><\/h2>\n\n\n\n<p>In Zusammenarbeit mit unseren L\u00f6sungspartnern freuen wir uns, Sie zu aktuellen und abwechslungsreichen Themen in unserem Online Workshop Format <strong>GLOBOS<em>tream<\/em><\/strong> zu begr\u00fc\u00dfen.<\/p>\n\n\n\n<p>Au\u00dferdem erfahren Sie jeden ersten Mittwoch im Monat um 11 Uhr in unserem kompakten Online-Format <strong>GLOBOS<em>tream<\/em> Trends<\/strong> alles \u00fcber aktuelle Trends der Branche, Neuerscheinungen, Abk\u00fcndigungen sowie Tipps und Tricks rund um Auto-ID Themen. Freuen Sie sich auf informative 15 Minuten mit Expertentalks und Q&#038;A\u2019s mit unserem Produktmanager Michael B\u00f6decker.<strong>&nbsp;<\/strong><\/p>\n\n\n\n<p><strong>Wir freuen uns Sie als Teilnehmer bei unserem n\u00e4chsten Online Seminar begr\u00fc\u00dfen zu k\u00f6nnen!<\/strong><\/p>\n<\/div>\n<\/div>\n<\/div><\/div>\n<\/div><\/div>\n","protected":false},"excerpt":{"rendered":"<p>GLOBOStream &#8211; Online Workshops In Zusammenarbeit mit unseren L\u00f6sungspartnern freuen wir uns, Sie zu aktuellen und abwechslungsreichen Themen in unserem Online Workshop Format GLOBOStream zu begr\u00fc\u00dfen. Au\u00dferdem erfahren Sie jeden\u2026<\/p>\n","protected":false},"author":3,"featured_media":0,"parent":114,"menu_order":999,"comment_status":"closed","ping_status":"closed","template":"","meta":{"_EventAllDay":false,"_EventTimezone":"","_EventStartDate":"","_EventEndDate":"","_EventStartDateUTC":"","_EventEndDateUTC":"","_EventShowMap":false,"_EventShowMapLink":false,"_EventURL":"","_EventCost":"","_EventCostDescription":"","_EventCurrencySymbol":"","_EventCurrencyCode":"","_EventCurrencyPosition":"","_EventDateTimeSeparator":"","_EventTimeRangeSeparator":"","_EventOrganizerID":[],"_EventVenueID":[],"_OrganizerEmail":"","_OrganizerPhone":"","_OrganizerWebsite":"","_VenueAddress":"","_VenueCity":"","_VenueCountry":"","_VenueProvince":"","_VenueState":"","_VenueZip":"","_VenuePhone":"","_VenueURL":"","_VenueStateProvince":"","_VenueLat":"","_VenueLng":"","_VenueShowMap":false,"_VenueShowMapLink":false,"footnotes":""},"class_list":["post-19502","page","type-page","status-publish","hentry"],"_links":{"self":[{"href":"https:\/\/www.globos.de\/en\/wp-json\/wp\/v2\/pages\/19502","targetHints":{"allow":["GET"]}}],"collection":[{"href":"https:\/\/www.globos.de\/en\/wp-json\/wp\/v2\/pages"}],"about":[{"href":"https:\/\/www.globos.de\/en\/wp-json\/wp\/v2\/types\/page"}],"author":[{"embeddable":true,"href":"https:\/\/www.globos.de\/en\/wp-json\/wp\/v2\/users\/3"}],"replies":[{"embeddable":true,"href":"https:\/\/www.globos.de\/en\/wp-json\/wp\/v2\/comments?post=19502"}],"version-history":[{"count":18,"href":"https:\/\/www.globos.de\/en\/wp-json\/wp\/v2\/pages\/19502\/revisions"}],"predecessor-version":[{"id":25101,"href":"https:\/\/www.globos.de\/en\/wp-json\/wp\/v2\/pages\/19502\/revisions\/25101"}],"up":[{"embeddable":true,"href":"https:\/\/www.globos.de\/en\/wp-json\/wp\/v2\/pages\/114"}],"wp:attachment":[{"href":"https:\/\/www.globos.de\/en\/wp-json\/wp\/v2\/media?parent=19502"}],"curies":[{"name":"wp","href":"https:\/\/api.w.org\/{rel}","templated":true}]}}