{"id":20763,"date":"2021-02-25T14:40:40","date_gmt":"2021-02-25T13:40:40","guid":{"rendered":"https:\/\/www.globos.de\/?page_id=20763"},"modified":"2025-04-24T13:37:40","modified_gmt":"2025-04-24T11:37:40","slug":"ausbildungsstellen","status":"publish","type":"page","link":"https:\/\/www.globos.de\/en\/karriere\/ausbildungsstellen\/","title":{"rendered":"Ausbildungsstellen"},"content":{"rendered":"\n<div class=\"wp-block-group\"><div class=\"wp-block-group__inner-container is-layout-flow wp-block-group-is-layout-flow\">\n<div class=\"wp-block-columns is-layout-flex wp-container-core-columns-is-layout-9d6595d7 wp-block-columns-is-layout-flex\">\n<div class=\"wp-block-column is-layout-flow wp-block-column-is-layout-flow\">\n<figure class=\"wp-block-image size-full\"><img loading=\"lazy\" decoding=\"async\" width=\"956\" height=\"720\" src=\"https:\/\/www.globos.de\/wp-content\/uploads\/2022\/05\/lager-mitarbeiterin-01.jpg\" alt=\"\" class=\"wp-image-24167\" srcset=\"https:\/\/www.globos.de\/wp-content\/uploads\/2022\/05\/lager-mitarbeiterin-01.jpg 956w, https:\/\/www.globos.de\/wp-content\/uploads\/2022\/05\/lager-mitarbeiterin-01-768x578.jpg 768w, https:\/\/www.globos.de\/wp-content\/uploads\/2022\/05\/lager-mitarbeiterin-01-380x286.jpg 380w\" sizes=\"auto, (max-width: 956px) 100vw, 956px\" \/><\/figure>\n\n\n\n<div style=\"height:37px\" aria-hidden=\"true\" class=\"wp-block-spacer\"><\/div>\n<\/div>\n\n\n\n<div class=\"wp-block-column is-layout-flow wp-block-column-is-layout-flow\">\n<div style=\"height:100px\" aria-hidden=\"true\" class=\"wp-block-spacer\"><\/div>\n\n\n\n<h1 class=\"wp-block-heading\" data-toc=\"\">Deine Ausbildung bei uns im Team<\/h1>\n\n\n\n<p><strong>Seit mehr als 15 Jahren ist die GLOBOS Logistik- und Informationssysteme GmbH ein von der IHK gepr\u00fcfter und anerkannter Ausbildungsbetrieb.<\/strong><\/p>\n\n\n\n<p>Neben der kaufm\u00e4nnischen Ausbildung zum Kaufmann (m\/w\/d) im Gro\u00df- und Au\u00dfenhandelsmanagement, bilden wir auch Fachkr\u00e4fte (m\/w\/d) f\u00fcr Lagerlogistik, IT-Systemelektroniker (m\/w\/d) sowie Fachinformatiker (m\/w\/d) aus.<\/p>\n<\/div>\n<\/div>\n\n\n\n<h2 class=\"wp-block-heading\" data-toc=\"\"><em>Erfahrung und geschultes Fachpersonal<\/em><br>GLOBOS bietet durch langj\u00e4hrige Erfahr&shy;ung und geschultes Fachpersonal die besten Voraussetzungen f\u00fcr eine erfolgreiche und qualifizierte Ausbildung.<\/h2>\n\n\n\n<p>Als Auszubildende\/r durchl\u00e4ufst Du w\u00e4hrend Deiner 3-j\u00e4hrigen Berufsausbildung die verschiedenen Abteilungen des Unternehmens, um Deine Kompetenzen auszubauen und einen praxisnahen Einblick in die Strukturen des Unternehmens zu erhalten. <br>In jeder Abteilung stehen Dir qualifizierte und motivierte Ansprechpartner zur Seite, die Dich fachgerecht in die Arbeitsabl\u00e4ufe der jeweiligen Abteilung einf\u00fchren und Dir mit Rat und Tat zur Seite stehen.<\/p>\n<\/div><\/div>\n\n\n\n<div class=\"wp-block-group has-background\" style=\"background-color:#f7f7f7\"><div class=\"wp-block-group__inner-container is-layout-flow wp-block-group-is-layout-flow\">\n<div class=\"wp-block-columns is-layout-flex wp-container-core-columns-is-layout-9d6595d7 wp-block-columns-is-layout-flex\">\n<div class=\"wp-block-column is-layout-flow wp-block-column-is-layout-flow\">\n<h2 class=\"wp-block-heading has-text-align-left\" data-toc=\"\"><em>Jetzt Ausbildungsstelle sichern<\/em><br>Haben wir dein Interesse geweckt? <br>Jetzt mit 3 Klicks bei uns bewerben!<\/h2>\n<\/div>\n<\/div>\n\n\n<div class=\"ausbildung-bewerbung\" data-cf7-id=\"d86b1d1\"><button id=\"open-modal-btn\" class=\"open-modal-btn\">Jetzt bewerben<\/button><div id=\"cf7-modal\" class=\"cf7-modal\"><div class=\"cf7-modal-overlay\"><\/div><div class=\"cf7-modal-content\"><button class=\"cf7-modal-close\">&times;<\/button>\n<div class=\"wpcf7 no-js\" id=\"wpcf7-f32327-o1\" lang=\"de-DE\" dir=\"ltr\" data-wpcf7-id=\"32327\">\n<div class=\"screen-reader-response\"><p role=\"status\" aria-live=\"polite\" aria-atomic=\"true\"><\/p> <ul><\/ul><\/div>\n<form action=\"\/en\/wp-json\/wp\/v2\/pages\/20763#wpcf7-f32327-o1\" method=\"post\" class=\"wpcf7-form init\" aria-label=\"Kontaktformular\" novalidate=\"novalidate\" data-status=\"init\">\n<fieldset class=\"hidden-fields-container\"><input type=\"hidden\" name=\"_wpcf7\" value=\"32327\" \/><input type=\"hidden\" name=\"_wpcf7_version\" value=\"6.1.5\" \/><input type=\"hidden\" name=\"_wpcf7_locale\" value=\"de_DE_formal\" \/><input type=\"hidden\" name=\"_wpcf7_unit_tag\" value=\"wpcf7-f32327-o1\" \/><input type=\"hidden\" name=\"_wpcf7_container_post\" value=\"0\" \/><input type=\"hidden\" name=\"_wpcf7_posted_data_hash\" value=\"\" \/><input type=\"hidden\" name=\"_wpcf7cf_hidden_group_fields\" value=\"[]\" \/><input type=\"hidden\" name=\"_wpcf7cf_hidden_groups\" value=\"[]\" \/><input type=\"hidden\" name=\"_wpcf7cf_visible_groups\" value=\"[]\" \/><input type=\"hidden\" name=\"_wpcf7cf_repeaters\" value=\"[]\" \/><input type=\"hidden\" name=\"_wpcf7cf_steps\" value=\"[]\" \/><input type=\"hidden\" name=\"_wpcf7cf_options\" value=\"{&quot;form_id&quot;:32327,&quot;conditions&quot;:[],&quot;settings&quot;:{&quot;animation&quot;:&quot;yes&quot;,&quot;animation_intime&quot;:&quot;200&quot;,&quot;animation_outtime&quot;:&quot;200&quot;,&quot;conditions_ui&quot;:&quot;normal&quot;,&quot;notice_dismissed&quot;:&quot;1&quot;,&quot;regex_numeric&quot;:&quot;^[0-9]+$&quot;,&quot;regex_alphabetic&quot;:&quot;^[a-zA-Z]+$&quot;,&quot;regex_alphanumeric&quot;:&quot;^[a-zA-Z0-9]+$&quot;,&quot;regex_date&quot;:&quot;^(0?[1-9]|1[012])[- .](0?[1-9]|[12][0-9]|3[01])[- \\\/.](19|20)?[0-9]{2}$&quot;,&quot;regex_email&quot;:&quot;^[a-zA-Z0-9._%-]+@[a-zA-Z0-9.-]+.[a-zA-Z]{2,4}$&quot;,&quot;regex_numeric_label&quot;:&quot;numeric&quot;,&quot;regex_alphabetic_label&quot;:&quot;alphabetic&quot;,&quot;regex_alphanumeric_label&quot;:&quot;alphanumeric&quot;,&quot;regex_date_label&quot;:&quot;date&quot;,&quot;regex_email_label&quot;:&quot;email&quot;,&quot;regex_custom_1&quot;:&quot;&quot;,&quot;regex_custom_2&quot;:&quot;&quot;,&quot;regex_custom_3&quot;:&quot;&quot;,&quot;regex_custom_4&quot;:&quot;&quot;,&quot;regex_custom_5&quot;:&quot;&quot;,&quot;regex_custom_1_label&quot;:&quot;custom 1&quot;,&quot;regex_custom_2_label&quot;:&quot;custom 2&quot;,&quot;regex_custom_3_label&quot;:&quot;custom 3&quot;,&quot;regex_custom_4_label&quot;:&quot;custom 4&quot;,&quot;regex_custom_5_label&quot;:&quot;custom 5&quot;,&quot;notice_dismissed_rollback-cf7-5.8.7&quot;:true}}\" \/><input type=\"hidden\" name=\"lang\" value=\"en\" \/>\n<\/fieldset>\n\t\t\t\t<div class=\"wpcf7cf_multistep\">\t\t\t\t\t<div class=\"wpcf7cf_steps-dots\"><\/div>\t\t\t\t\t<div class=\"wpcf7cf_steps\">  <div class=\"wpcf7cf_step\" data-title=\"Step 1\" data-id=\"step-1\" >\n  \t\t\t\t\t\t\t<div class=\"wpcf7cf_step_inner\">\n  \t\t\t\t\t\t\t\t<div class=\"step-title\">Step 1<\/div>\n  \t\t\t\t\n  <input class=\"wpcf7-form-control wpcf7-hidden\" value=\"25\" type=\"hidden\" name=\"progress_value\" \/>\n    <div class=\"step-progress\">\n      <div class=\"step-progress-bar\"><\/div>\n      <span class=\"step-progress-text\">25%<\/span>\n    <\/div>\n    <fieldset>\n      <legend>F\u00fcr welche Ausbildung interessierst du dich?<\/legend>\n      <span class=\"wpcf7-form-control-wrap\" data-name=\"ausbildung\"><span class=\"wpcf7-form-control wpcf7-radio\"><span class=\"wpcf7-list-item first\"><label><input type=\"radio\" name=\"ausbildung\" value=\"Fachkraft f\u00fcr Lagerlogistik (m\/w\/d)\" \/><span class=\"wpcf7-list-item-label\">Fachkraft f\u00fcr Lagerlogistik (m\/w\/d)<\/span><\/label><\/span><span class=\"wpcf7-list-item\"><label><input type=\"radio\" name=\"ausbildung\" value=\"Kaufmann\/-frau Gro\u00df- &amp; Au\u00dfenhandel, Schwerpunkt Gro\u00dfhandel (m\/w\/d)\" \/><span class=\"wpcf7-list-item-label\">Kaufmann\/-frau Gro\u00df- &amp; Au\u00dfenhandel, Schwerpunkt Gro\u00dfhandel (m\/w\/d)<\/span><\/label><\/span><span class=\"wpcf7-list-item\"><label><input type=\"radio\" name=\"ausbildung\" value=\"IT-Systemelektroniker\/in (m\/w\/d)\" \/><span class=\"wpcf7-list-item-label\">IT-Systemelektroniker\/in (m\/w\/d)<\/span><\/label><\/span><span class=\"wpcf7-list-item last\"><label><input type=\"radio\" name=\"ausbildung\" value=\"Fachinformatiker \/ Anwendungsentwicklung (m\/w\/d)\" \/><span class=\"wpcf7-list-item-label\">Fachinformatiker \/ Anwendungsentwicklung (m\/w\/d)<\/span><\/label><\/span><\/span><\/span>\n    <\/fieldset>\n  \t\t<\/div>\n\t\t\t\t\t\t<\/div>  <div class=\"wpcf7cf_step\" data-title=\"Step 2\" data-id=\"step-2\" >\n  \t\t\t\t\t\t\t<div class=\"wpcf7cf_step_inner\">\n  \t\t\t\t\t\t\t\t<div class=\"step-title\">Step 2<\/div>\n  \t\t\t\t\n  <input class=\"wpcf7-form-control wpcf7-hidden\" value=\"50\" type=\"hidden\" name=\"progress_value\" \/>\n    <div class=\"step-progress\">\n      <div class=\"step-progress-bar\"><\/div>\n      <span class=\"step-progress-text\">50%<\/span>\n    <\/div>\n    <fieldset>\n      <legend>Welchen Schulabschluss hast du?<\/legend>\n      <span class=\"wpcf7-form-control-wrap\" data-name=\"schulabschluss\"><span class=\"wpcf7-form-control wpcf7-radio\"><span class=\"wpcf7-list-item first\"><label><input type=\"radio\" name=\"schulabschluss\" value=\"Hauptschulabschluss\" \/><span class=\"wpcf7-list-item-label\">Hauptschulabschluss<\/span><\/label><\/span><span class=\"wpcf7-list-item\"><label><input type=\"radio\" name=\"schulabschluss\" value=\"Realschulabschluss\" \/><span class=\"wpcf7-list-item-label\">Realschulabschluss<\/span><\/label><\/span><span class=\"wpcf7-list-item last\"><label><input type=\"radio\" name=\"schulabschluss\" value=\"Abitur\" \/><span class=\"wpcf7-list-item-label\">Abitur<\/span><\/label><\/span><\/span><\/span>\n    <\/fieldset>\n  \t\t<\/div>\n\t\t\t\t\t\t<\/div>  <div class=\"wpcf7cf_step\" data-title=\"Step 3\" data-id=\"step-3\" >\n  \t\t\t\t\t\t\t<div class=\"wpcf7cf_step_inner\">\n  \t\t\t\t\t\t\t\t<div class=\"step-title\">Step 3<\/div>\n  \t\t\t\t\n  <input class=\"wpcf7-form-control wpcf7-hidden\" value=\"75\" type=\"hidden\" name=\"progress_value\" \/>\n    <div class=\"step-progress\">\n      <div class=\"step-progress-bar\"><\/div>\n      <span class=\"step-progress-text\">75%<\/span>\n    <\/div>\n    <fieldset>\n      <legend>Wie alt bist du?<\/legend>\n      <span class=\"wpcf7-form-control-wrap\" data-name=\"alter\"><span class=\"wpcf7-form-control wpcf7-radio\"><span class=\"wpcf7-list-item first\"><label><input type=\"radio\" name=\"alter\" value=\"unter 18\" \/><span class=\"wpcf7-list-item-label\">unter 18<\/span><\/label><\/span><span class=\"wpcf7-list-item\"><label><input type=\"radio\" name=\"alter\" value=\"18-25\" \/><span class=\"wpcf7-list-item-label\">18-25<\/span><\/label><\/span><span class=\"wpcf7-list-item last\"><label><input type=\"radio\" name=\"alter\" value=\"\u00e4lter als 25\" \/><span class=\"wpcf7-list-item-label\">\u00e4lter als 25<\/span><\/label><\/span><\/span><\/span>\n    <\/fieldset>\n  \t\t<\/div>\n\t\t\t\t\t\t<\/div>  <div class=\"wpcf7cf_step\" data-title=\"Step 4\" data-id=\"step-4\" >\n  \t\t\t\t\t\t\t<div class=\"wpcf7cf_step_inner\">\n  \t\t\t\t\t\t\t\t<div class=\"step-title\">Step 4<\/div>\n  \t\t\t\t\n  <input class=\"wpcf7-form-control wpcf7-hidden\" value=\"99\" type=\"hidden\" name=\"progress_value\" \/>\n    <div class=\"step-progress\">\n      <div class=\"step-progress-bar\"><\/div>\n      <span class=\"step-progress-text\">99%<\/span>\n    <\/div>\n    <fieldset>\n      <legend>Wie k\u00f6nnen wir dich erreichen?<\/legend>\n      <p>\n  \n        <span class=\"wpcf7-form-control-wrap\" data-name=\"your-name\"><input size=\"40\" maxlength=\"400\" class=\"wpcf7-form-control wpcf7-text wpcf7-validates-as-required\" id=\"your-name\" aria-required=\"true\" aria-invalid=\"false\" placeholder=\"Dein Name\" value=\"\" type=\"text\" name=\"your-name\" \/><\/span>\n      <\/p>\n      <p>\n  \n        <span class=\"wpcf7-form-control-wrap\" data-name=\"your-email\"><input size=\"40\" maxlength=\"400\" class=\"wpcf7-form-control wpcf7-email wpcf7-validates-as-required wpcf7-text wpcf7-validates-as-email\" id=\"your-email\" aria-required=\"true\" aria-invalid=\"false\" placeholder=\"Deine E-Mail-Adresse\" value=\"\" type=\"email\" name=\"your-email\" \/><\/span>\n      <\/p>\n      <p>\n   \n        <span class=\"wpcf7-form-control-wrap\" data-name=\"your-phone\"><input size=\"40\" maxlength=\"400\" class=\"wpcf7-form-control wpcf7-tel wpcf7-text wpcf7-validates-as-tel\" id=\"your-phone\" aria-invalid=\"false\" placeholder=\"Deine Telefonnummer\" value=\"\" type=\"tel\" name=\"your-phone\" \/><\/span>\n      <\/p>\n      <p>\n   \n        <span class=\"wpcf7-form-control-wrap\" data-name=\"textarea-342\"><textarea cols=\"40\" rows=\"10\" maxlength=\"2000\" class=\"wpcf7-form-control wpcf7-textarea\" aria-invalid=\"false\" placeholder=\"Deine Nachricht\" name=\"textarea-342\"><\/textarea><\/span>\n      <\/p>\n    <\/fieldset>\n    <input class=\"wpcf7-form-control wpcf7-submit has-spinner\" type=\"submit\" value=\"Absenden\" \/>\n\n  \t\t<\/div>\n\t\t\t\t\t\t<\/div><\/div>\t\t\t\t\t<p class=\"wpcf7cf_step_controls\">\t\t\t\t\t\t<span class=\"wpcf7cf_prev-container\"><button type=\"button\" class=\"wpcf7cf_prev\">Zur\u00fcck<\/button><\/span>\t\t\t\t\t\t<span class=\"wpcf7cf_next-container\"><button type=\"button\" class=\"wpcf7cf_next\">Weiter<\/button><\/span>\t\t\t\t\t<\/p>\t\t\t\t<\/div>\t\t\t\n<div class=\"form-success-message\" style=\"display:none; text-align:center; padding:1.5em 0;\">\n  <strong>Vielen Dank f\u00fcr deine Bewerbung bei GLOBOS! Wir werden dich zeitnah kontaktieren.\n<\/div><div class=\"wpcf7-response-output\" aria-hidden=\"true\"><\/div>\n<\/form>\n<\/div>\n<\/div><\/div><\/div>\n<\/div><\/div>\n\n\n\n<div class=\"wp-block-group\"><div class=\"wp-block-group__inner-container is-layout-constrained wp-block-group-is-layout-constrained\">\n<div class=\"wp-block-columns is-layout-flex wp-container-core-columns-is-layout-9d6595d7 wp-block-columns-is-layout-flex\">\n<div class=\"wp-block-column is-layout-flow wp-block-column-is-layout-flow\">\n<h2 class=\"wp-block-heading has-text-align-center\" data-toc=\"\"><em>Stimmen aus den eigenen Reihen<\/em> <br>Das sagen unsere Mitarbeiter<\/h2>\n\n\n\n<p class=\"has-text-align-center\" style=\"font-style:normal;font-weight:400\">So unterschiedlich die Ausbildungsberufe auch sein m\u00f6gen, in einem sind sich unsere Auszubildenden einig: <\/p>\n\n\n\n<p class=\"has-text-align-center\"><strong><em>&#8220;GLOBOS bietet eine abwechslungsreiche und interessante Ausbildung in famili\u00e4rer Atmosph\u00e4re. Dank des gro\u00dfen Interesse uns praxisnah auszubilden, f\u00fchlen wir uns optimal auf den beruflichen Alltag vorbereitet.&#8221;<\/em><\/strong><\/p>\n\n\n\n<p class=\"has-text-align-center\" style=\"font-style:normal;font-weight:400\">sagt Frau K. Schopp, ehemalige Auszubildende bei GLOBOS.<\/p>\n<\/div>\n<\/div>\n<\/div><\/div>\n","protected":false},"excerpt":{"rendered":"<p>Deine Ausbildung bei uns im Team Seit mehr als 15 Jahren ist die GLOBOS Logistik- und Informationssysteme GmbH ein von der IHK gepr\u00fcfter und anerkannter Ausbildungsbetrieb. Neben der kaufm\u00e4nnischen Ausbildung\u2026<\/p>\n","protected":false},"author":1,"featured_media":0,"parent":22350,"menu_order":20,"comment_status":"closed","ping_status":"closed","template":"","meta":{"_EventAllDay":false,"_EventTimezone":"","_EventStartDate":"","_EventEndDate":"","_EventStartDateUTC":"","_EventEndDateUTC":"","_EventShowMap":false,"_EventShowMapLink":false,"_EventURL":"","_EventCost":"","_EventCostDescription":"","_EventCurrencySymbol":"","_EventCurrencyCode":"","_EventCurrencyPosition":"","_EventDateTimeSeparator":"","_EventTimeRangeSeparator":"","_EventOrganizerID":[],"_EventVenueID":[],"_OrganizerEmail":"","_OrganizerPhone":"","_OrganizerWebsite":"","_VenueAddress":"","_VenueCity":"","_VenueCountry":"","_VenueProvince":"","_VenueState":"","_VenueZip":"","_VenuePhone":"","_VenueURL":"","_VenueStateProvince":"","_VenueLat":"","_VenueLng":"","_VenueShowMap":false,"_VenueShowMapLink":false,"footnotes":""},"class_list":["post-20763","page","type-page","status-publish","hentry"],"_links":{"self":[{"href":"https:\/\/www.globos.de\/en\/wp-json\/wp\/v2\/pages\/20763","targetHints":{"allow":["GET"]}}],"collection":[{"href":"https:\/\/www.globos.de\/en\/wp-json\/wp\/v2\/pages"}],"about":[{"href":"https:\/\/www.globos.de\/en\/wp-json\/wp\/v2\/types\/page"}],"author":[{"embeddable":true,"href":"https:\/\/www.globos.de\/en\/wp-json\/wp\/v2\/users\/1"}],"replies":[{"embeddable":true,"href":"https:\/\/www.globos.de\/en\/wp-json\/wp\/v2\/comments?post=20763"}],"version-history":[{"count":62,"href":"https:\/\/www.globos.de\/en\/wp-json\/wp\/v2\/pages\/20763\/revisions"}],"predecessor-version":[{"id":32401,"href":"https:\/\/www.globos.de\/en\/wp-json\/wp\/v2\/pages\/20763\/revisions\/32401"}],"up":[{"embeddable":true,"href":"https:\/\/www.globos.de\/en\/wp-json\/wp\/v2\/pages\/22350"}],"wp:attachment":[{"href":"https:\/\/www.globos.de\/en\/wp-json\/wp\/v2\/media?parent=20763"}],"curies":[{"name":"wp","href":"https:\/\/api.w.org\/{rel}","templated":true}]}}