{"id":22456,"date":"2022-02-09T11:09:41","date_gmt":"2022-02-09T10:09:41","guid":{"rendered":"https:\/\/www.globos.de\/?page_id=22456"},"modified":"2024-01-04T17:35:17","modified_gmt":"2024-01-04T16:35:17","slug":"beispiel","status":"publish","type":"page","link":"https:\/\/www.globos.de\/en\/beispiel\/","title":{"rendered":"Beispiel"},"content":{"rendered":"\n<div class=\"wp-block-group articleheader\"><div class=\"wp-block-group__inner-container is-layout-flow wp-block-group-is-layout-flow\">\n<div class=\"wp-block-columns is-layout-flex wp-container-core-columns-is-layout-9d6595d7 wp-block-columns-is-layout-flex\">\n<div class=\"wp-block-column is-layout-flow wp-block-column-is-layout-flow\">\n<figure class=\"wp-block-image size-full\" data-layer=\"0\"><img loading=\"lazy\" decoding=\"async\" width=\"956\" height=\"720\" src=\"https:\/\/www.globos.de\/wp-content\/uploads\/2022\/05\/startbild-anlageninventur-01.jpg\" alt=\"\" class=\"wp-image-24179\" srcset=\"https:\/\/www.globos.de\/wp-content\/uploads\/2022\/05\/startbild-anlageninventur-01.jpg 956w, https:\/\/www.globos.de\/wp-content\/uploads\/2022\/05\/startbild-anlageninventur-01-768x578.jpg 768w, https:\/\/www.globos.de\/wp-content\/uploads\/2022\/05\/startbild-anlageninventur-01-380x286.jpg 380w\" sizes=\"auto, (max-width: 956px) 100vw, 956px\" \/><\/figure>\n<\/div>\n\n\n\n<div class=\"wp-block-column is-layout-flow wp-block-column-is-layout-flow\">\n<div style=\"height:100px\" aria-hidden=\"true\" class=\"wp-block-spacer\"><\/div>\n\n\n\n<h1 class=\"wp-block-heading\" data-toc=\"\"><strong>Ihre Anlagen&shy;inventur \u2013 mobil, zuverl\u00e4ssig, schnell<\/strong><\/h1>\n\n\n\n<p><strong>Jeder kennt sie. Sie kostet Zeit und bringt tausende Unternehmen j\u00e4hrlich beinahe zum Stillstand \u2013 die Inventur. <\/strong><\/p>\n\n\n\n<p>Haben Sie auch dieses Bild vor Augen? Ihre MitarbeiterInnen wandern, ausger\u00fcstet mit Listen, Stift und akribischem Blick, zielgerichtet von B\u00fcro zu B\u00fcro, von Halle zu Halle, von einer Etage in die n\u00e4chste. Nahezu alles an Wert wird notiert, betitelt, beschrieben.<\/p>\n<\/div>\n<\/div>\n<\/div><\/div>\n\n\n\n<div class=\"wp-block-group\"><div class=\"wp-block-group__inner-container is-layout-flow wp-block-group-is-layout-flow\">\n<div class=\"wp-block-columns is-layout-flex wp-container-core-columns-is-layout-9d6595d7 wp-block-columns-is-layout-flex\">\n<div class=\"wp-block-column is-vertically-aligned-center is-layout-flow wp-block-column-is-layout-flow\">\n<p>&nbsp;\u201eHilft ja nix! Muss gemacht werden.\u201c Genau so ist es. So hat es der deutsche Gesetzgeber im Handelsgesetzbuch unter \u201e\u00a7 240 Inventar\u201c festgehalten. Sie ist unerl\u00e4sslich, um die eigenen Unternehmensgegenst\u00e4nde zu bewerten. \u00dcblich sind diese drei Verfahren:<\/p>\n\n\n\n<ul class=\"wp-block-list\">\n<li>Die k\u00f6rperliche Inventur<\/li>\n\n\n\n<li>Die Buchinventur<\/li>\n\n\n\n<li>Die Anlageninventur<\/li>\n<\/ul>\n<\/div>\n\n\n\n<div class=\"wp-block-column is-layout-flow wp-block-column-is-layout-flow\">\n<p>Wir sind uns sicherlich einig, dass die \u201ek\u00f6rperliche Inventur\u201c am zeitaufwendigsten ist, wie oben beschrieben. Wenn die Listen ausgef\u00fcllt wurden, kommen sie danach zur Auswertung zur\u00fcck. Es wird versucht alles vom Blatt zu entziffern und korrekt in das ERP-System einzutragen.  <\/p>\n<\/div>\n<\/div>\n\n\n\n<div class=\"wp-block-columns is-layout-flex wp-container-core-columns-is-layout-9d6595d7 wp-block-columns-is-layout-flex\">\n<div class=\"wp-block-column is-layout-flow wp-block-column-is-layout-flow\">\n<div class=\"wp-block-huishu-flipcard-container-block frontend\" data-flipmode=\"hover\"><div class=\"flip-card-content\">\n<div class=\"wp-block-huishu-flipcard-side-block flip-card-front\">\n<p>Dies ist eine Testkachel<\/p>\n\n\n\n<p>Hier ist Platz f\u00fcr den Inhalt<\/p>\n<\/div>\n\n\n\n<div class=\"wp-block-huishu-flipcard-side-block flip-card-back\">\n<p>Denken Sie sich die aus ihrem ERP-System ausgedruckten Papierlisten w\u00e4hrend der Anlageninventur einfach weg. Stattdessen legen Sie mobile Endger\u00e4te in die H\u00e4nde Ihrer flei\u00dfigen Arbeitnehmer. Egal, ob Smartphones, Tablets, Handhelds, Scanner, Notebooks oder sonstige robuste Ger\u00e4te. <\/p>\n\n\n\n<figure class=\"wp-block-image size-full\" data-layer=\"0\"><img loading=\"lazy\" decoding=\"async\" width=\"800\" height=\"800\" src=\"https:\/\/www.globos.de\/wp-content\/uploads\/2023\/12\/zebra-mde-mc9400-mc9450_1.jpg\" alt=\"Zebra MC9400 Mobilcomputer\" class=\"wp-image-28782\" srcset=\"https:\/\/www.globos.de\/wp-content\/uploads\/2023\/12\/zebra-mde-mc9400-mc9450_1.jpg 800w, https:\/\/www.globos.de\/wp-content\/uploads\/2023\/12\/zebra-mde-mc9400-mc9450_1-380x380.jpg 380w, https:\/\/www.globos.de\/wp-content\/uploads\/2023\/12\/zebra-mde-mc9400-mc9450_1-768x768.jpg 768w, https:\/\/www.globos.de\/wp-content\/uploads\/2023\/12\/zebra-mde-mc9400-mc9450_1-80x80.jpg 80w\" sizes=\"auto, (max-width: 800px) 100vw, 800px\" \/><\/figure>\n<\/div>\n<\/div><\/div>\n<\/div>\n\n\n\n<div class=\"wp-block-column is-layout-flow wp-block-column-is-layout-flow\">\n<div class=\"wp-block-huishu-flipcard-container-block frontend\" data-flipmode=\"click\"><div class=\"flip-card-content\">\n<div class=\"wp-block-huishu-flipcard-side-block flip-card-front has-globos-blau-background-color has-background\">\n<h2 class=\"wp-block-heading has-text-color has-link-color wp-elements-829bfa4f951f47db16abc2c68bd78923\" style=\"color:#ffffff\" data-toc=\"\"><strong>Hintergrundfarben funktionieren auch<\/strong><\/h2>\n\n\n\n<p class=\"has-text-color has-link-color wp-elements-af915194770e12173411eefefa5ba8a9\" style=\"color:#ffffff\">Hier ist Platz f\u00fcr den Inhalt<\/p>\n\n\n\n<figure class=\"wp-block-image size-full\" data-layer=\"0\"><img loading=\"lazy\" decoding=\"async\" width=\"800\" height=\"800\" src=\"https:\/\/www.globos.de\/wp-content\/uploads\/2023\/12\/zebra-mde-mc9400-mc9450_1.jpg\" alt=\"Zebra MC9400 Mobilcomputer\" class=\"wp-image-28782\" srcset=\"https:\/\/www.globos.de\/wp-content\/uploads\/2023\/12\/zebra-mde-mc9400-mc9450_1.jpg 800w, https:\/\/www.globos.de\/wp-content\/uploads\/2023\/12\/zebra-mde-mc9400-mc9450_1-380x380.jpg 380w, https:\/\/www.globos.de\/wp-content\/uploads\/2023\/12\/zebra-mde-mc9400-mc9450_1-768x768.jpg 768w, https:\/\/www.globos.de\/wp-content\/uploads\/2023\/12\/zebra-mde-mc9400-mc9450_1-80x80.jpg 80w\" sizes=\"auto, (max-width: 800px) 100vw, 800px\" \/><\/figure>\n<\/div>\n\n\n\n<div class=\"wp-block-huishu-flipcard-side-block flip-card-back has-globos-orange-background-color has-background\">\n<p>Denken Sie sich die aus ihrem ERP-System ausgedruckten Papierlisten w\u00e4hrend der Anlageninventur einfach weg. Stattdessen legen Sie mobile Endger\u00e4te in die H\u00e4nde Ihrer flei\u00dfigen Arbeitnehmer. Egal, ob Smartphones, Tablets, Handhelds, Scanner, Notebooks oder sonstige robuste Ger\u00e4te. <\/p>\n\n\n\n<figure class=\"wp-block-image size-full\" data-layer=\"0\"><img loading=\"lazy\" decoding=\"async\" width=\"800\" height=\"800\" src=\"https:\/\/www.globos.de\/wp-content\/uploads\/2023\/12\/zebra-mde-mc9400-mc9450_1.jpg\" alt=\"Zebra MC9400 Mobilcomputer\" class=\"wp-image-28782\" srcset=\"https:\/\/www.globos.de\/wp-content\/uploads\/2023\/12\/zebra-mde-mc9400-mc9450_1.jpg 800w, https:\/\/www.globos.de\/wp-content\/uploads\/2023\/12\/zebra-mde-mc9400-mc9450_1-380x380.jpg 380w, https:\/\/www.globos.de\/wp-content\/uploads\/2023\/12\/zebra-mde-mc9400-mc9450_1-768x768.jpg 768w, https:\/\/www.globos.de\/wp-content\/uploads\/2023\/12\/zebra-mde-mc9400-mc9450_1-80x80.jpg 80w\" sizes=\"auto, (max-width: 800px) 100vw, 800px\" \/><\/figure>\n<\/div>\n<\/div><\/div>\n<\/div>\n<\/div>\n<\/div><\/div>\n\n\n\n<div class=\"wp-block-group\"><div class=\"wp-block-group__inner-container is-layout-flow wp-block-group-is-layout-flow\">\n<div class=\"wp-block-columns is-layout-flex wp-container-core-columns-is-layout-9d6595d7 wp-block-columns-is-layout-flex\">\n<div class=\"wp-block-column is-layout-flow wp-block-column-is-layout-flow\">\n<h2 class=\"wp-block-heading has-text-align-left\" data-toc=\"\"><strong><em>Mobilit\u00e4t<\/em> <\/strong><br>Anlageninventur <strong>beschleunigen<\/strong><\/h2>\n\n\n\n<p>Denken Sie sich die aus ihrem ERP-System ausgedruckten Papierlisten w\u00e4hrend der Anlageninventur einfach weg. Stattdessen legen Sie mobile Endger\u00e4te in die H\u00e4nde Ihrer flei\u00dfigen Arbeitnehmer. Egal, ob Smartphones, Tablets, Handhelds, Scanner, Notebooks oder sonstige robuste Ger\u00e4te. <\/p>\n\n\n\n<p>Sie scannen in Sekundenschnelle Ihre Verm\u00f6gensgegenst\u00e4nde. Aus der Inventurwanderung wird schnelles Inventur-Walking \u2013 inklusive Fehlerminimierung. Durch digitale Bewegung reduzieren Sie Ihren Zeitaufwand, f\u00f6rdern den Informationsfluss und die Kontrolle.<\/p>\n<\/div>\n\n\n\n<div class=\"wp-block-column is-layout-flow wp-block-column-is-layout-flow\"><div class=\"wp-block-image\">\n<figure class=\"alignleft size-full is-resized has-image-parallax\" data-direction=\"with\" data-layer=\"1\"><img loading=\"lazy\" decoding=\"async\" width=\"602\" height=\"401\" src=\"https:\/\/www.globos.de\/wp-content\/uploads\/2022\/05\/lagerarbeiterin-01.jpg\" alt=\"\" class=\"wp-image-24181\" style=\"width:398px;height:auto\" srcset=\"https:\/\/www.globos.de\/wp-content\/uploads\/2022\/05\/lagerarbeiterin-01.jpg 602w, https:\/\/www.globos.de\/wp-content\/uploads\/2022\/05\/lagerarbeiterin-01-380x253.jpg 380w\" sizes=\"auto, (max-width: 602px) 100vw, 602px\" \/><\/figure>\n<\/div>\n\n<div class=\"wp-block-image\">\n<figure class=\"alignright size-full is-resized has-image-parallax\" data-layer=\"2\"><img loading=\"lazy\" decoding=\"async\" width=\"2560\" height=\"1773\" src=\"https:\/\/www.globos.de\/wp-content\/uploads\/2022\/06\/DSC02228_bearb-scaled.jpg\" alt=\"GLOBOS Firmengeb\u00e4ude\" class=\"wp-image-24544\" style=\"width:398px;height:auto\" srcset=\"https:\/\/www.globos.de\/wp-content\/uploads\/2022\/06\/DSC02228_bearb-scaled.jpg 2560w, https:\/\/www.globos.de\/wp-content\/uploads\/2022\/06\/DSC02228_bearb-1024x709.jpg 1024w, https:\/\/www.globos.de\/wp-content\/uploads\/2022\/06\/DSC02228_bearb-768x532.jpg 768w, https:\/\/www.globos.de\/wp-content\/uploads\/2022\/06\/DSC02228_bearb-1536x1064.jpg 1536w, https:\/\/www.globos.de\/wp-content\/uploads\/2022\/06\/DSC02228_bearb-2048x1419.jpg 2048w, https:\/\/www.globos.de\/wp-content\/uploads\/2022\/06\/DSC02228_bearb-380x263.jpg 380w\" sizes=\"auto, (max-width: 2560px) 100vw, 2560px\" \/><\/figure>\n<\/div><\/div>\n<\/div>\n<\/div><\/div>\n\n\n\n<div class=\"wp-block-group has-background\" style=\"background-color:#f7f7f7\"><div class=\"wp-block-group__inner-container is-layout-flow wp-block-group-is-layout-flow\">\n<h2 class=\"wp-block-heading has-text-align-center\" data-toc=\"\">Die L\u00f6sung f\u00fcr Sie von unserem Tech-Partner Membrain GmbH<\/h2>\n\n\n\n<div class=\"wp-block-columns is-layout-flex wp-container-core-columns-is-layout-9d6595d7 wp-block-columns-is-layout-flex\">\n<div class=\"wp-block-column is-layout-flow wp-block-column-is-layout-flow\"><\/div>\n\n\n\n<div class=\"wp-block-column is-layout-flow wp-block-column-is-layout-flow\" style=\"flex-basis:60%\">\n<p>Die mobile Anlageninventur-App ist f\u00fcr s\u00e4mtliche Systeme geeignet und SAP FI-AA zertifiziert. Es spielt keine Rolle, ob auf Ihren bestehenden oder zuk\u00fcnftigen Mobilger\u00e4ten Windows, iOS oder Android l\u00e4uft. Die Membrain-Anlagenmanagement-App (PAS AM-App) funktioniert auf jedem der im vorherigen Absatz genannten digitalen Ger\u00e4te. Diese wiederum schaffen eine direkte Verbindung zu Ihrem SAP (oder Ihrem ERP-System).<\/p>\n\n\n\n<details class=\"wp-block-huishu-agentur-huishu-faq-block\"><summary><h2>Frage<\/h2><\/summary><div class=\"faq-details\">\n<p>Verantwortliche Personen haben zentral am Rechner alles im Blick, jede Kostenstelle, jede Bewegung, jede Differenz. Herausforderungen einer Anlageninventur k\u00f6nnen mit dieser App, in Verbindung mit Ihrem ERP-System, vollst\u00e4ndig abgebildet und gel\u00f6st werden. Von der Kontrolle \u00fcber Bewegungen bis hin zu Umz\u00fcgen und Stilllegungen wird alles mobil abgedeckt. Dar\u00fcber hinaus arbeitet die PAS AM-App offline. Kein Risiko Daten zu verlieren, oder falsch zu notieren.&nbsp;<\/p>\n\n\n\n<p>Wie zeitaufwendig ist die Implementierung dieses Tools in Ihr bestehendes System? Lediglich 2-3 Tage. Diese Zeit holen Sie bei der ersten Inventur wieder raus. F\u00fcr die digitale Anlageninventur ben\u00f6tigen Sie weniger Mitarbeiter, um Ihre Verm\u00f6gensgegenst\u00e4nde in k\u00fcrzerer Zeit einzulesen. Die anderen Teammitglieder, bisher im herk\u00f6mmlichen Inventurverfahren besch\u00e4ftigt, leisten in diesem Zeitraum gewinnbringende Arbeit f\u00fcr Ihr Unternehmen an ihrem eigenen Arbeitsplatz.<\/p>\n<\/div><\/details>\n<\/div>\n\n\n\n<div class=\"wp-block-column is-layout-flow wp-block-column-is-layout-flow\"><\/div>\n<\/div>\n<\/div><\/div>\n\n\n\n<div class=\"wp-block-group\"><div class=\"wp-block-group__inner-container is-layout-constrained wp-block-group-is-layout-constrained\">\n<div class=\"wp-block-group\"><div class=\"wp-block-group__inner-container is-layout-constrained wp-block-group-is-layout-constrained\">\n<h2 class=\"wp-block-heading\" data-toc=\"\">Testzeitstrahl 1<\/h2>\n\n\n<div class=\"customer_journey\"><div class=\"cj_menu_empty placeholder\" style=\"margin-bottom: 220px\"><\/div><div class=\"cj_journey\"><div class=\"cj_item_wrapper\" id=\"angebotsphase\"><div class=\"cj_item\"><img decoding=\"async\" class=\"cj_item_image\" src=\"https:\/\/www.globos.de\/wp-content\/uploads\/2021\/07\/loesungen-angebote.svg\" alt=\"Angebotsphase-image\" \/><!-- wp:heading -->\n<h2 data-toc=\"\"><em>Angebotsphase<\/em><br>Lassen Sie sich von uns beraten.<\/h2>\n<!-- \/wp:heading -->\n\n<!-- wp:paragraph -->\n<p>Wir beraten Sie umfassend zu allen Hard- und Softwareanfragen und stellen Ihnen ein auf Sie individuell angepasstes Angebot zusammen. <\/p>\n<!-- \/wp:paragraph --><\/div><div class=\"cj_line_dotted\"><div class=\"cj_number\">1<\/div><\/div><\/div><\/div><\/div>\n<\/div><\/div>\n<\/div><\/div>\n\n\n\n<div class=\"wp-block-group\"><div class=\"wp-block-group__inner-container is-layout-constrained wp-block-group-is-layout-constrained\">\n<div class=\"wp-block-group\"><div class=\"wp-block-group__inner-container is-layout-constrained wp-block-group-is-layout-constrained\">\n<h2 class=\"wp-block-heading\" data-toc=\"\">Testzeitstrahl 2<\/h2>\n\n\n<div class=\"customer_journey\"><div class=\"cj_menu\"><a class=\"cj_menu_item\" href=\"#projektphase\" title=\"Projektphase\"><div class=\"cj_menu_image_container\"><img decoding=\"async\" class=\"cj_menu_image\" src=\"https:\/\/www.globos.de\/wp-content\/uploads\/2021\/07\/loesungen-projektphase.svg\" alt=\"Projektphase-menu-image\" \/><\/div><h3>Projektphase<\/h3><\/a><a class=\"cj_menu_item\" href=\"#angebotsphase\" title=\"Angebotsphase\"><div class=\"cj_menu_image_container\"><img decoding=\"async\" class=\"cj_menu_image\" src=\"https:\/\/www.globos.de\/wp-content\/uploads\/2021\/07\/loesungen-angebote.svg\" alt=\"Angebotsphase-menu-image\" \/><\/div><h3>Angebotsphase<\/h3><\/a><\/div><div class=\"cj_journey\"><div class=\"cj_item_wrapper\" id=\"projektphase\"><div class=\"cj_item\"><img decoding=\"async\" class=\"cj_item_image\" src=\"https:\/\/www.globos.de\/wp-content\/uploads\/2021\/07\/loesungen-projektphase.svg\" alt=\"Projektphase-image\" \/><!-- wp:heading -->\n<h2 data-toc=\"\"><em>Projektphase<\/em><br>Profitieren Sie von unserem Kow-how.<\/h2>\n<!-- \/wp:heading -->\n\n<!-- wp:paragraph -->\n<p>Ein umfassendes Projektmanagement ist das A und O f\u00fcr die erfolgreiche Umsetzung komplexer Individuall\u00f6sungen. <\/p>\n<!-- \/wp:paragraph --><\/div><div class=\"cj_line\"><div class=\"cj_number\">1<\/div><div class=\"cj_line_inner\"><\/div><\/div><\/div><div class=\"cj_item_wrapper\" id=\"angebotsphase\"><div class=\"cj_item\"><img decoding=\"async\" class=\"cj_item_image\" src=\"https:\/\/www.globos.de\/wp-content\/uploads\/2021\/07\/loesungen-angebote.svg\" alt=\"Angebotsphase-image\" \/><!-- wp:heading -->\n<h2 data-toc=\"\"><em>Angebotsphase<\/em><br>Lassen Sie sich von uns beraten.<\/h2>\n<!-- \/wp:heading -->\n\n<!-- wp:paragraph -->\n<p>Wir beraten Sie umfassend zu allen Hard- und Softwareanfragen und stellen Ihnen ein auf Sie individuell angepasstes Angebot zusammen. <\/p>\n<!-- \/wp:paragraph --><\/div><div class=\"cj_line_dotted\"><div class=\"cj_number\">2<\/div><\/div><\/div><\/div><\/div>\n<\/div><\/div>\n<\/div><\/div>\n","protected":false},"excerpt":{"rendered":"<p>Ihre Anlageninventur \u2013 mobil, zuverl\u00e4ssig, schnell Jeder kennt sie. Sie kostet Zeit und bringt tausende Unternehmen j\u00e4hrlich beinahe zum Stillstand \u2013 die Inventur. Haben Sie auch dieses Bild vor Augen?\u2026<\/p>\n","protected":false},"author":1,"featured_media":0,"parent":0,"menu_order":0,"comment_status":"closed","ping_status":"closed","template":"","meta":{"_EventAllDay":false,"_EventTimezone":"","_EventStartDate":"","_EventEndDate":"","_EventStartDateUTC":"","_EventEndDateUTC":"","_EventShowMap":false,"_EventShowMapLink":false,"_EventURL":"","_EventCost":"","_EventCostDescription":"","_EventCurrencySymbol":"","_EventCurrencyCode":"","_EventCurrencyPosition":"","_EventDateTimeSeparator":"","_EventTimeRangeSeparator":"","_EventOrganizerID":[],"_EventVenueID":[],"_OrganizerEmail":"","_OrganizerPhone":"","_OrganizerWebsite":"","_VenueAddress":"","_VenueCity":"","_VenueCountry":"","_VenueProvince":"","_VenueState":"","_VenueZip":"","_VenuePhone":"","_VenueURL":"","_VenueStateProvince":"","_VenueLat":"","_VenueLng":"","_VenueShowMap":false,"_VenueShowMapLink":false,"footnotes":""},"class_list":["post-22456","page","type-page","status-publish","hentry"],"_links":{"self":[{"href":"https:\/\/www.globos.de\/en\/wp-json\/wp\/v2\/pages\/22456","targetHints":{"allow":["GET"]}}],"collection":[{"href":"https:\/\/www.globos.de\/en\/wp-json\/wp\/v2\/pages"}],"about":[{"href":"https:\/\/www.globos.de\/en\/wp-json\/wp\/v2\/types\/page"}],"author":[{"embeddable":true,"href":"https:\/\/www.globos.de\/en\/wp-json\/wp\/v2\/users\/1"}],"replies":[{"embeddable":true,"href":"https:\/\/www.globos.de\/en\/wp-json\/wp\/v2\/comments?post=22456"}],"version-history":[{"count":10,"href":"https:\/\/www.globos.de\/en\/wp-json\/wp\/v2\/pages\/22456\/revisions"}],"predecessor-version":[{"id":29153,"href":"https:\/\/www.globos.de\/en\/wp-json\/wp\/v2\/pages\/22456\/revisions\/29153"}],"wp:attachment":[{"href":"https:\/\/www.globos.de\/en\/wp-json\/wp\/v2\/media?parent=22456"}],"curies":[{"name":"wp","href":"https:\/\/api.w.org\/{rel}","templated":true}]}}