{"id":24442,"date":"2022-06-16T08:23:52","date_gmt":"2022-06-16T06:23:52","guid":{"rendered":"https:\/\/www.globos.de\/?page_id=24442"},"modified":"2025-08-28T14:26:04","modified_gmt":"2025-08-28T12:26:04","slug":"globos-als-arbeitgeber","status":"publish","type":"page","link":"https:\/\/www.globos.de\/en\/karriere\/globos-als-arbeitgeber\/","title":{"rendered":"GLOBOS als Arbeitgeber"},"content":{"rendered":"\n<div class=\"wp-block-group\"><div class=\"wp-block-group__inner-container is-layout-flow wp-block-group-is-layout-flow\">\n<div class=\"wp-block-columns is-layout-flex wp-container-core-columns-is-layout-9d6595d7 wp-block-columns-is-layout-flex\">\n<div class=\"wp-block-column is-layout-flow wp-block-column-is-layout-flow\">\n<figure class=\"wp-block-gallery has-nested-images columns-default is-cropped wp-block-gallery-1 is-layout-flex wp-block-gallery-is-layout-flex\">\n<figure class=\"wp-block-image size-large\"><img loading=\"lazy\" decoding=\"async\" width=\"1024\" height=\"709\" data-id=\"24578\" src=\"https:\/\/www.globos.de\/wp-content\/uploads\/2022\/06\/DSC02228_bearb-1-1024x709.jpg\" alt=\"GLOBOS\" class=\"wp-image-24578\" srcset=\"https:\/\/www.globos.de\/wp-content\/uploads\/2022\/06\/DSC02228_bearb-1-1024x709.jpg 1024w, https:\/\/www.globos.de\/wp-content\/uploads\/2022\/06\/DSC02228_bearb-1-768x532.jpg 768w, https:\/\/www.globos.de\/wp-content\/uploads\/2022\/06\/DSC02228_bearb-1-1536x1064.jpg 1536w, https:\/\/www.globos.de\/wp-content\/uploads\/2022\/06\/DSC02228_bearb-1-2048x1419.jpg 2048w, https:\/\/www.globos.de\/wp-content\/uploads\/2022\/06\/DSC02228_bearb-1-380x263.jpg 380w\" sizes=\"auto, (max-width: 1024px) 100vw, 1024px\" \/><\/figure>\n<\/figure>\n<\/div>\n\n\n\n<div class=\"wp-block-column is-layout-flow wp-block-column-is-layout-flow\">\n<div style=\"height:100px\" aria-hidden=\"true\" class=\"wp-block-spacer\"><\/div>\n\n\n\n<h1 class=\"wp-block-heading\" data-toc=\"\">GLOBOS als Arbeitgeber<\/h1>\n\n\n\n<p>Im August 1997 gr\u00fcndete Olaf Sauer die GLOBOS Logistik- und Informationssysteme GmbH. Im darauffolgenden Januar wurde der erste Mitarbeiter eingestellt, der auch heute noch im Unternehmen besch\u00e4ftigt ist. Seitdem ist das Unternehmen stetig gewachsen \u2013 Kundenstamm, Mitarbeiterzahl und Unternehmensfl\u00e4che haben GLOBOS, in der 25-j\u00e4hrigen Unternehmensgeschichte, zu einem soliden Mittelstandsunternehmen entwickelt.<\/p>\n\n\n\n<p>2025 besch\u00e4ftigt GLOBOS rund 100 Mitarbeiter, die in verschiedenen Fachabteilungen mit viel Engagement in einem angenehmen Arbeitsumfeld zum Unternehmenserfolg beitragen. Dabei legen wir gro\u00dfen Wert auf ein gutes Arbeitsklima und den Wohlf\u00fchlfaktor, der durch viele Extras gef\u00f6rdert wird.<\/p>\n<\/div>\n<\/div>\n<\/div><\/div>\n\n\n\n<div class=\"wp-block-group\"><div class=\"wp-block-group__inner-container is-layout-flow wp-block-group-is-layout-flow\">\n<div class=\"wp-block-columns is-layout-flex wp-container-core-columns-is-layout-9d6595d7 wp-block-columns-is-layout-flex\">\n<div class=\"wp-block-column is-vertically-aligned-center is-layout-flow wp-block-column-is-layout-flow\">\n<h2 class=\"wp-block-heading\" data-toc=\"\">Was machen wir?<\/h2>\n\n\n\n<p>GLOBOS ist eines der marktf\u00fchrenden, herstellerunabh\u00e4ngigen Unternehmen im Bereich der mobilen Datenerfassung. Wir vertreiben Systeme rund um den Barcode, wie Handheld-Computer, Barcodescanner und Etikettendrucker, und bieten neben dem reinen Hardwarevertrieb umfangreiche Serviceleistungen an. Unsere Kunden k\u00f6nnen auf Leistungen wie Vor-Ort Techniker, Help Desk Hotline oder unser eigenes Repair Center zur\u00fcckgreifen.<\/p>\n\n\n\n<p>Das Vertriebs- und Servicetechniker-Netz von GLOBOS erstreckt sich \u00fcber ganz Deutschland und erm\u00f6glicht, schnell auf Kundenanfragen zu reagieren und bestm\u00f6glichen Service zu bieten.<\/p>\n<\/div>\n\n\n\n<div class=\"wp-block-column is-layout-flow wp-block-column-is-layout-flow\">\n<figure class=\"wp-block-image size-full\"><img loading=\"lazy\" decoding=\"async\" width=\"1000\" height=\"667\" src=\"https:\/\/www.globos.de\/wp-content\/uploads\/2022\/06\/AdobeStock_324775538-1.jpg\" alt=\"\" class=\"wp-image-24650\" srcset=\"https:\/\/www.globos.de\/wp-content\/uploads\/2022\/06\/AdobeStock_324775538-1.jpg 1000w, https:\/\/www.globos.de\/wp-content\/uploads\/2022\/06\/AdobeStock_324775538-1-768x512.jpg 768w, https:\/\/www.globos.de\/wp-content\/uploads\/2022\/06\/AdobeStock_324775538-1-380x253.jpg 380w\" sizes=\"auto, (max-width: 1000px) 100vw, 1000px\" \/><\/figure>\n<\/div>\n<\/div>\n<\/div><\/div>\n\n\n\n<div class=\"wp-block-cover is-light\" style=\"min-height:665px;aspect-ratio:unset;\"><img loading=\"lazy\" decoding=\"async\" width=\"1600\" height=\"910\" class=\"wp-block-cover__image-background wp-image-367\" alt=\"\" src=\"https:\/\/www.globos.de\/wp-content\/uploads\/2018\/07\/header_tiger.jpg\" style=\"object-position:50% 50%\" data-object-fit=\"cover\" data-object-position=\"50% 50%\" srcset=\"https:\/\/www.globos.de\/wp-content\/uploads\/2018\/07\/header_tiger.jpg 1600w, https:\/\/www.globos.de\/wp-content\/uploads\/2018\/07\/header_tiger-768x437.jpg 768w, https:\/\/www.globos.de\/wp-content\/uploads\/2018\/07\/header_tiger-1024x582.jpg 1024w, https:\/\/www.globos.de\/wp-content\/uploads\/2018\/07\/header_tiger-380x216.jpg 380w\" sizes=\"auto, (max-width: 1600px) 100vw, 1600px\" \/><span aria-hidden=\"true\" class=\"wp-block-cover__background has-background-dim-0 has-background-dim\"><\/span><div class=\"wp-block-cover__inner-container is-layout-flow wp-block-cover-is-layout-flow\">\n<div class=\"wp-block-group\"><div class=\"wp-block-group__inner-container is-layout-flow wp-block-group-is-layout-flow\">\n<h2 class=\"wp-block-heading\" data-toc=\"\">GLOBOS in Zahlen<\/h2>\n\n\n\n<ul class=\"wp-block-list\">\n<li>Rund 100 Mitarbeiter<\/li>\n\n\n\n<li>Mehr als 1.800 aktive Kunden j\u00e4hrlich<\/li>\n\n\n\n<li>5 belieferte Kontinente<\/li>\n\n\n\n<li>Mehr als 40 belieferte L\u00e4nder<\/li>\n\n\n\n<li>Mehr als 20.000 Artikel im Sortiment<\/li>\n<\/ul>\n<\/div><\/div>\n<\/div><\/div>\n\n\n\n<div class=\"wp-block-group\"><div class=\"wp-block-group__inner-container is-layout-flow wp-block-group-is-layout-flow\">\n<h2 class=\"wp-block-heading has-text-align-left\" data-toc=\"\">Vorteile f\u00fcr Mit&shy;arbeiter<\/h2>\n\n\n\n<div class=\"wp-block-columns is-layout-flex wp-container-core-columns-is-layout-9d6595d7 wp-block-columns-is-layout-flex\">\n<div class=\"wp-block-column is-layout-flow wp-block-column-is-layout-flow\" style=\"flex-basis:10%\">\n<figure class=\"wp-block-image size-large is-resized\"><img loading=\"lazy\" decoding=\"async\" src=\"https:\/\/www.globos.de\/wp-content\/uploads\/2022\/12\/Website_Icons_Mitarbeiter.svg\" alt=\"\" class=\"wp-image-25266\" width=\"113\" height=\"113\"\/><\/figure>\n<\/div>\n\n\n\n<div class=\"wp-block-column is-layout-flow wp-block-column-is-layout-flow\" style=\"flex-basis:40%\">\n<p><strong>Dein Arbeitsplatz<\/strong><\/p>\n\n\n\n<ul class=\"wp-block-list\">\n<li>Aktuelle Technik<\/li>\n\n\n\n<li>Ergonomische Ausstattung<\/li>\n\n\n\n<li>Klimatisierte R\u00e4ume<\/li>\n<\/ul>\n<\/div>\n\n\n\n<div class=\"wp-block-column is-layout-flow wp-block-column-is-layout-flow\" style=\"flex-basis:10%\">\n<figure class=\"wp-block-image size-large is-resized\"><img loading=\"lazy\" decoding=\"async\" src=\"https:\/\/www.globos.de\/wp-content\/uploads\/2022\/12\/Website_Icons_Arbeitszeit.svg\" alt=\"\" class=\"wp-image-25267\" width=\"113\" height=\"113\"\/><\/figure>\n<\/div>\n\n\n\n<div class=\"wp-block-column is-layout-flow wp-block-column-is-layout-flow\" style=\"flex-basis:40%\">\n<p><strong>Arbeitszeit<\/strong><\/p>\n\n\n\n<ul class=\"wp-block-list\">\n<li>Flexibles Arbeitszeitmodell <\/li>\n\n\n\n<li>Zeitkonto<\/li>\n<\/ul>\n<\/div>\n<\/div>\n\n\n\n<div class=\"wp-block-columns is-layout-flex wp-container-core-columns-is-layout-9d6595d7 wp-block-columns-is-layout-flex\">\n<div class=\"wp-block-column is-layout-flow wp-block-column-is-layout-flow\" style=\"flex-basis:10%\">\n<figure class=\"wp-block-image size-large is-resized\"><img loading=\"lazy\" decoding=\"async\" src=\"https:\/\/www.globos.de\/wp-content\/uploads\/2022\/12\/Website_Icons_Verpflegung.svg\" alt=\"\" class=\"wp-image-25269\" width=\"113\" height=\"113\"\/><\/figure>\n<\/div>\n\n\n\n<div class=\"wp-block-column is-layout-flow wp-block-column-is-layout-flow\" style=\"flex-basis:40%\">\n<p><strong>Verpflegung<\/strong><\/p>\n\n\n\n<ul class=\"wp-block-list\">\n<li>Kostenfreie Getr\u00e4nke<\/li>\n\n\n\n<li>Belegte Br\u00f6tchen<\/li>\n\n\n\n<li>Wechselndes Mittagsangebot<\/li>\n<\/ul>\n<\/div>\n\n\n\n<div class=\"wp-block-column is-layout-flow wp-block-column-is-layout-flow\" style=\"flex-basis:10%\">\n<figure class=\"wp-block-image size-large is-resized\"><img loading=\"lazy\" decoding=\"async\" src=\"https:\/\/www.globos.de\/wp-content\/uploads\/2022\/12\/Website_Icons_Gesundheit.svg\" alt=\"\" class=\"wp-image-25270\" width=\"113\" height=\"113\"\/><\/figure>\n<\/div>\n\n\n\n<div class=\"wp-block-column is-layout-flow wp-block-column-is-layout-flow\" style=\"flex-basis:40%\">\n<p><strong>Gesundheit<\/strong><\/p>\n\n\n\n<ul class=\"wp-block-list\">\n<li>Massageangebot<\/li>\n\n\n\n<li>Kooperation mit Fitnessstudio<\/li>\n<\/ul>\n<\/div>\n<\/div>\n\n\n\n<div class=\"wp-block-columns is-layout-flex wp-container-core-columns-is-layout-9d6595d7 wp-block-columns-is-layout-flex\">\n<div class=\"wp-block-column is-layout-flow wp-block-column-is-layout-flow\" style=\"flex-basis:10%\">\n<figure class=\"wp-block-image size-large is-resized\"><img loading=\"lazy\" decoding=\"async\" src=\"https:\/\/www.globos.de\/wp-content\/uploads\/2022\/12\/Website_Icons_Homeoffice.svg\" alt=\"\" class=\"wp-image-25271\" width=\"113\" height=\"113\"\/><\/figure>\n<\/div>\n\n\n\n<div class=\"wp-block-column is-layout-flow wp-block-column-is-layout-flow\" style=\"flex-basis:40%\">\n<p><strong>Homeoffice<\/strong><\/p>\n\n\n\n<ul class=\"wp-block-list\">\n<li>M\u00f6glichkeit von Zuhause aus zu arbeiten <\/li>\n<\/ul>\n<\/div>\n\n\n\n<div class=\"wp-block-column is-layout-flow wp-block-column-is-layout-flow\" style=\"flex-basis:10%\">\n<figure class=\"wp-block-image size-large is-resized\"><img loading=\"lazy\" decoding=\"async\" src=\"https:\/\/www.globos.de\/wp-content\/uploads\/2022\/12\/Website_Icons_Anfahrt-1.svg\" alt=\"\" class=\"wp-image-25276\" width=\"113\" height=\"113\"\/><\/figure>\n<\/div>\n\n\n\n<div class=\"wp-block-column is-layout-flow wp-block-column-is-layout-flow\" style=\"flex-basis:40%\">\n<p><strong>Parken &#038; Arbeitsweg<\/strong><\/p>\n\n\n\n<ul class=\"wp-block-list\">\n<li>Jobticket f\u00fcr Bus und Bahn<\/li>\n\n\n\n<li>Mitarbeiterparkpl\u00e4tze<\/li>\n<\/ul>\n<\/div>\n<\/div>\n\n\n\n<div class=\"wp-block-columns is-layout-flex wp-container-core-columns-is-layout-9d6595d7 wp-block-columns-is-layout-flex\">\n<div class=\"wp-block-column is-layout-flow wp-block-column-is-layout-flow\" style=\"flex-basis:10%\">\n<figure class=\"wp-block-image size-large is-resized\"><img loading=\"lazy\" decoding=\"async\" src=\"https:\/\/www.globos.de\/wp-content\/uploads\/2022\/12\/Website_Icons_Freizeit.svg\" alt=\"\" class=\"wp-image-25273\" width=\"113\" height=\"113\"\/><\/figure>\n<\/div>\n\n\n\n<div class=\"wp-block-column is-layout-flow wp-block-column-is-layout-flow\" style=\"flex-basis:40%\">\n<p><strong><strong>Freizeit<\/strong><\/strong><\/p>\n\n\n\n<p>Spiel und Spa\u00df in unserer Tigers Lounge:<\/p>\n\n\n\n<ul class=\"wp-block-list\">\n<li>Darts<\/li>\n\n\n\n<li>Kicker<\/li>\n\n\n\n<li>Billard<\/li>\n\n\n\n<li>Spielekonsole<\/li>\n<\/ul>\n<\/div>\n<\/div>\n\n\n\n<p><\/p>\n\n\n\n<div class=\"wp-block-buttons is-horizontal is-content-justification-right is-layout-flex wp-container-core-buttons-is-layout-b6b37b60 wp-block-buttons-is-layout-flex\">\n<div class=\"wp-block-button\"><a class=\"wp-block-button__link wp-element-button\" href=\"https:\/\/job.globos.de\/de\" target=\"_blank\" rel=\"noreferrer noopener\">ZU DEN OFFENEN STELLEN<\/a><\/div>\n<\/div>\n<\/div><\/div>\n\n\n\n<p><\/p>\n","protected":false},"excerpt":{"rendered":"<p>GLOBOS als Arbeitgeber Im August 1997 gr\u00fcndete Olaf Sauer die GLOBOS Logistik- und Informationssysteme GmbH. Im darauffolgenden Januar wurde der erste Mitarbeiter eingestellt, der auch heute noch im Unternehmen besch\u00e4ftigt\u2026<\/p>\n","protected":false},"author":3,"featured_media":0,"parent":22350,"menu_order":31,"comment_status":"closed","ping_status":"closed","template":"","meta":{"_EventAllDay":false,"_EventTimezone":"","_EventStartDate":"","_EventEndDate":"","_EventStartDateUTC":"","_EventEndDateUTC":"","_EventShowMap":false,"_EventShowMapLink":false,"_EventURL":"","_EventCost":"","_EventCostDescription":"","_EventCurrencySymbol":"","_EventCurrencyCode":"","_EventCurrencyPosition":"","_EventDateTimeSeparator":"","_EventTimeRangeSeparator":"","_EventOrganizerID":[],"_EventVenueID":[],"_OrganizerEmail":"","_OrganizerPhone":"","_OrganizerWebsite":"","_VenueAddress":"","_VenueCity":"","_VenueCountry":"","_VenueProvince":"","_VenueState":"","_VenueZip":"","_VenuePhone":"","_VenueURL":"","_VenueStateProvince":"","_VenueLat":"","_VenueLng":"","_VenueShowMap":false,"_VenueShowMapLink":false,"footnotes":""},"class_list":["post-24442","page","type-page","status-publish","hentry"],"_links":{"self":[{"href":"https:\/\/www.globos.de\/en\/wp-json\/wp\/v2\/pages\/24442","targetHints":{"allow":["GET"]}}],"collection":[{"href":"https:\/\/www.globos.de\/en\/wp-json\/wp\/v2\/pages"}],"about":[{"href":"https:\/\/www.globos.de\/en\/wp-json\/wp\/v2\/types\/page"}],"author":[{"embeddable":true,"href":"https:\/\/www.globos.de\/en\/wp-json\/wp\/v2\/users\/3"}],"replies":[{"embeddable":true,"href":"https:\/\/www.globos.de\/en\/wp-json\/wp\/v2\/comments?post=24442"}],"version-history":[{"count":35,"href":"https:\/\/www.globos.de\/en\/wp-json\/wp\/v2\/pages\/24442\/revisions"}],"predecessor-version":[{"id":33401,"href":"https:\/\/www.globos.de\/en\/wp-json\/wp\/v2\/pages\/24442\/revisions\/33401"}],"up":[{"embeddable":true,"href":"https:\/\/www.globos.de\/en\/wp-json\/wp\/v2\/pages\/22350"}],"wp:attachment":[{"href":"https:\/\/www.globos.de\/en\/wp-json\/wp\/v2\/media?parent=24442"}],"curies":[{"name":"wp","href":"https:\/\/api.w.org\/{rel}","templated":true}]}}