{"id":9562,"date":"2018-08-30T10:35:02","date_gmt":"2018-08-30T08:35:02","guid":{"rendered":"https:\/\/www.globos.de\/?page_id=9562"},"modified":"2026-02-23T15:55:57","modified_gmt":"2026-02-23T14:55:57","slug":"globoscan","status":"publish","type":"page","link":"https:\/\/www.globos.de\/en\/unternehmen\/globoscan\/","title":{"rendered":"GLOBOScan"},"content":{"rendered":"\n<div class=\"wp-block-group\"><div class=\"wp-block-group__inner-container is-layout-flow wp-block-group-is-layout-flow\">\n<div class=\"wp-block-columns is-layout-flex wp-container-core-columns-is-layout-9d6595d7 wp-block-columns-is-layout-flex\">\n<div class=\"wp-block-column is-layout-flow wp-block-column-is-layout-flow\">\n<figure class=\"wp-block-image size-large\"><img decoding=\"async\" src=\"https:\/\/www.globos.de\/wp-content\/uploads\/2022\/11\/Veranstaltungen-GLOBOScan-1024x683.jpg\" alt=\"\" class=\"wp-image-25029\"\/><\/figure>\n<\/div>\n\n\n\n<div class=\"wp-block-column is-layout-flow wp-block-column-is-layout-flow\">\n<div style=\"height:100px\" aria-hidden=\"true\" class=\"wp-block-spacer\"><\/div>\n\n\n\n<h2 class=\"wp-block-heading\" data-toc=\"\"><strong>GLOBOScan<\/strong><\/h2>\n\n\n\n<p>GLOBOS ist Ausrichter und Gastgeber der j\u00e4hrlich in Hannover stattfindenden GLOBOScan.\u00a0<\/p>\n\n\n\n<p>Namenhafte Hersteller pr\u00e4sentierten auf dieser Fachausstellung ihre neuesten Produkte, L\u00f6sungen und Dienstleistungen. Begleitend dazu werden Fachvortr\u00e4ge gehalten, die \u00fcber aktuelle Themen, Trends und die neuesten Entwicklungen in der Branche informieren.<\/p>\n\n\n\n<p>Melden Sie sich jetzt kostenfrei zur <strong><a href=\"https:\/\/www.globos.de\/veranstaltung\/globoscan-2026\/\">GLOBOScan 2026<\/a><\/strong> an!<\/p>\n<\/div>\n<\/div>\n<\/div><\/div>\n","protected":false},"excerpt":{"rendered":"<p>GLOBOScan GLOBOS ist Ausrichter und Gastgeber der j\u00e4hrlich in Hannover stattfindenden GLOBOScan.\u00a0 Namenhafte Hersteller pr\u00e4sentierten auf dieser Fachausstellung ihre neuesten Produkte, L\u00f6sungen und Dienstleistungen. Begleitend dazu werden Fachvortr\u2026<\/p>\n","protected":false},"author":1,"featured_media":0,"parent":114,"menu_order":999,"comment_status":"closed","ping_status":"closed","template":"","meta":{"_EventAllDay":false,"_EventTimezone":"","_EventStartDate":"","_EventEndDate":"","_EventStartDateUTC":"","_EventEndDateUTC":"","_EventShowMap":false,"_EventShowMapLink":false,"_EventURL":"","_EventCost":"","_EventCostDescription":"","_EventCurrencySymbol":"","_EventCurrencyCode":"","_EventCurrencyPosition":"","_EventDateTimeSeparator":"","_EventTimeRangeSeparator":"","_EventOrganizerID":[],"_EventVenueID":[],"_OrganizerEmail":"","_OrganizerPhone":"","_OrganizerWebsite":"","_VenueAddress":"","_VenueCity":"","_VenueCountry":"","_VenueProvince":"","_VenueState":"","_VenueZip":"","_VenuePhone":"","_VenueURL":"","_VenueStateProvince":"","_VenueLat":"","_VenueLng":"","_VenueShowMap":false,"_VenueShowMapLink":false,"footnotes":""},"class_list":["post-9562","page","type-page","status-publish","hentry"],"_links":{"self":[{"href":"https:\/\/www.globos.de\/en\/wp-json\/wp\/v2\/pages\/9562","targetHints":{"allow":["GET"]}}],"collection":[{"href":"https:\/\/www.globos.de\/en\/wp-json\/wp\/v2\/pages"}],"about":[{"href":"https:\/\/www.globos.de\/en\/wp-json\/wp\/v2\/types\/page"}],"author":[{"embeddable":true,"href":"https:\/\/www.globos.de\/en\/wp-json\/wp\/v2\/users\/1"}],"replies":[{"embeddable":true,"href":"https:\/\/www.globos.de\/en\/wp-json\/wp\/v2\/comments?post=9562"}],"version-history":[{"count":22,"href":"https:\/\/www.globos.de\/en\/wp-json\/wp\/v2\/pages\/9562\/revisions"}],"predecessor-version":[{"id":34535,"href":"https:\/\/www.globos.de\/en\/wp-json\/wp\/v2\/pages\/9562\/revisions\/34535"}],"up":[{"embeddable":true,"href":"https:\/\/www.globos.de\/en\/wp-json\/wp\/v2\/pages\/114"}],"wp:attachment":[{"href":"https:\/\/www.globos.de\/en\/wp-json\/wp\/v2\/media?parent=9562"}],"curies":[{"name":"wp","href":"https:\/\/api.w.org\/{rel}","templated":true}]}}