{"id":9564,"date":"2018-08-30T10:35:22","date_gmt":"2018-08-30T08:35:22","guid":{"rendered":"https:\/\/www.globos.de\/?page_id=9564"},"modified":"2022-11-16T13:39:52","modified_gmt":"2022-11-16T12:39:52","slug":"globostage","status":"publish","type":"page","link":"https:\/\/www.globos.de\/en\/unternehmen\/globostage\/","title":{"rendered":"GLOBOStage &#8211; Workshops"},"content":{"rendered":"\n<div class=\"wp-block-group\"><div class=\"wp-block-group__inner-container is-layout-flow wp-block-group-is-layout-flow\">\n<div class=\"wp-block-columns is-layout-flex wp-container-core-columns-is-layout-9d6595d7 wp-block-columns-is-layout-flex\">\n<div class=\"wp-block-column is-layout-flow wp-block-column-is-layout-flow\">\n<figure class=\"wp-block-image size-large\"><img loading=\"lazy\" decoding=\"async\" width=\"1024\" height=\"683\" src=\"https:\/\/www.globos.de\/wp-content\/uploads\/2022\/11\/Shino_Photography_GLOBOS_DSC09610-1024x683.jpg\" alt=\"\" class=\"wp-image-25036\" srcset=\"https:\/\/www.globos.de\/wp-content\/uploads\/2022\/11\/Shino_Photography_GLOBOS_DSC09610-1024x683.jpg 1024w, https:\/\/www.globos.de\/wp-content\/uploads\/2022\/11\/Shino_Photography_GLOBOS_DSC09610-768x512.jpg 768w, https:\/\/www.globos.de\/wp-content\/uploads\/2022\/11\/Shino_Photography_GLOBOS_DSC09610-1536x1024.jpg 1536w, https:\/\/www.globos.de\/wp-content\/uploads\/2022\/11\/Shino_Photography_GLOBOS_DSC09610-2048x1365.jpg 2048w, https:\/\/www.globos.de\/wp-content\/uploads\/2022\/11\/Shino_Photography_GLOBOS_DSC09610-380x253.jpg 380w\" sizes=\"auto, (max-width: 1024px) 100vw, 1024px\" \/><\/figure>\n<\/div>\n\n\n\n<div class=\"wp-block-column is-layout-flow wp-block-column-is-layout-flow\">\n<div style=\"height:100px\" aria-hidden=\"true\" class=\"wp-block-spacer\"><\/div>\n\n\n\n<h2 class=\"wp-block-heading\" data-toc=\"\"><strong>GLOBOStage &#8211; Workshops<\/strong><\/h2>\n\n\n\n<p>Eine exklusive Veranstaltungsreihe in unseren Gesch\u00e4ftsr\u00e4umen. Freuen Sie sich auf ein vielf\u00e4ltiges und spannendes Informationsangebot rund um das Thema Logistik. Es erwartet Sie ein hochwertiges und abwechslungsreiches Themenportfolio, welches wir in Zusammenarbeit mit unseren L\u00f6sungspartnern f\u00fcr Sie zusammenstellen.<\/p>\n\n\n\n<p>Wir freuen uns Sie als Teilnehmer auf einer der n\u00e4chsten <strong>GLOBOS<em>tage <\/em><\/strong>begr\u00fc\u00dfen zu k\u00f6nnen!<\/p>\n<\/div>\n<\/div>\n\n\n\n<div class=\"wp-block-group\"><div class=\"wp-block-group__inner-container is-layout-flow wp-block-group-is-layout-flow\"><\/div><\/div>\n<\/div><\/div>\n","protected":false},"excerpt":{"rendered":"<p>GLOBOStage &#8211; Workshops Eine exklusive Veranstaltungsreihe in unseren Gesch\u00e4ftsr\u00e4umen. Freuen Sie sich auf ein vielf\u00e4ltiges und spannendes Informationsangebot rund um das Thema Logistik. Es erwartet Sie ein hochwertiges und abwechslungsreiches\u2026<\/p>\n","protected":false},"author":1,"featured_media":0,"parent":114,"menu_order":999,"comment_status":"closed","ping_status":"closed","template":"","meta":{"_EventAllDay":false,"_EventTimezone":"","_EventStartDate":"","_EventEndDate":"","_EventStartDateUTC":"","_EventEndDateUTC":"","_EventShowMap":false,"_EventShowMapLink":false,"_EventURL":"","_EventCost":"","_EventCostDescription":"","_EventCurrencySymbol":"","_EventCurrencyCode":"","_EventCurrencyPosition":"","_EventDateTimeSeparator":"","_EventTimeRangeSeparator":"","_EventOrganizerID":[],"_EventVenueID":[],"_OrganizerEmail":"","_OrganizerPhone":"","_OrganizerWebsite":"","_VenueAddress":"","_VenueCity":"","_VenueCountry":"","_VenueProvince":"","_VenueState":"","_VenueZip":"","_VenuePhone":"","_VenueURL":"","_VenueStateProvince":"","_VenueLat":"","_VenueLng":"","_VenueShowMap":false,"_VenueShowMapLink":false,"footnotes":""},"class_list":["post-9564","page","type-page","status-publish","hentry"],"_links":{"self":[{"href":"https:\/\/www.globos.de\/en\/wp-json\/wp\/v2\/pages\/9564","targetHints":{"allow":["GET"]}}],"collection":[{"href":"https:\/\/www.globos.de\/en\/wp-json\/wp\/v2\/pages"}],"about":[{"href":"https:\/\/www.globos.de\/en\/wp-json\/wp\/v2\/types\/page"}],"author":[{"embeddable":true,"href":"https:\/\/www.globos.de\/en\/wp-json\/wp\/v2\/users\/1"}],"replies":[{"embeddable":true,"href":"https:\/\/www.globos.de\/en\/wp-json\/wp\/v2\/comments?post=9564"}],"version-history":[{"count":24,"href":"https:\/\/www.globos.de\/en\/wp-json\/wp\/v2\/pages\/9564\/revisions"}],"predecessor-version":[{"id":25047,"href":"https:\/\/www.globos.de\/en\/wp-json\/wp\/v2\/pages\/9564\/revisions\/25047"}],"up":[{"embeddable":true,"href":"https:\/\/www.globos.de\/en\/wp-json\/wp\/v2\/pages\/114"}],"wp:attachment":[{"href":"https:\/\/www.globos.de\/en\/wp-json\/wp\/v2\/media?parent=9564"}],"curies":[{"name":"wp","href":"https:\/\/api.w.org\/{rel}","templated":true}]}}