{"id":97,"date":"2018-07-06T14:51:29","date_gmt":"2018-07-06T12:51:29","guid":{"rendered":"https:\/\/www.globos.de\/?page_id=97"},"modified":"2026-02-23T16:46:02","modified_gmt":"2026-02-23T15:46:02","slug":"impressum","status":"publish","type":"page","link":"https:\/\/www.globos.de\/en\/impressum\/","title":{"rendered":"Impressum"},"content":{"rendered":"\n<div class=\"wp-block-group\"><div class=\"wp-block-group__inner-container is-layout-flow wp-block-group-is-layout-flow\">\n<div class=\"wp-block-columns is-layout-flex wp-container-core-columns-is-layout-9d6595d7 wp-block-columns-is-layout-flex\">\n<div class=\"wp-block-column is-layout-flow wp-block-column-is-layout-flow\">\n<p><strong>GLOBOS Logistik- und Informationssysteme GmbH<\/strong><br>Ahrensburger Stra\u00dfe 4-6<br>D-30659 Hannover<\/p>\n\n\n\n<p>Telefon: +49 (511) 76920-0<br>Telefax: +49 (511) 76920-250<br>Mail: info@globos.de<br>Web: www.globos.de<\/p>\n<\/div>\n\n\n\n<div class=\"wp-block-column is-layout-flow wp-block-column-is-layout-flow\">\n<p>Sitz der Gesellschaft: Hannover<br>Amtsgericht: Hannover, HRB 56497<br>Vertretungsberechtigter Gesch\u00e4ftsf\u00fchrer: Arndt Brockmann<\/p>\n\n\n\n<p>USt.-Id.-Nr.: DE 812284741<br>Steuernummer: Finanzamt Hannover, Steuer-Nr. 25\/270\/05955<\/p>\n\n\n\n<p>Inhaltlich Verantwortlicher gem\u00e4\u00df \u00a7 10 Absatz 3 MDStV: Arndt Brockmann<\/p>\n<\/div>\n<\/div>\n\n\n\n<hr class=\"wp-block-separator has-css-opacity\"\/>\n\n\n\n<div class=\"wp-block-columns is-layout-flex wp-container-core-columns-is-layout-9d6595d7 wp-block-columns-is-layout-flex\">\n<div class=\"wp-block-column is-layout-flow wp-block-column-is-layout-flow\">\n<h3 class=\"wp-block-heading\" data-toc=\"\">Digital Development<\/h3>\n\n\n\n<p><a href=\"https:\/\/www.huishu-agentur.de\" target=\"_blank\" rel=\"noreferrer noopener\">HUisHU. Digitale Kreativagentur in Hamburg &#038; Hannover<\/a><br><a href=\"https:\/\/www.huishu-agentur.de\" target=\"_blank\" rel=\"noreferrer noopener\">www.huishu-agentur.de<\/a><\/p>\n\n\n\n<h3 class=\"wp-block-heading\" data-toc=\"\">Copyright<\/h3>\n\n\n\n<p>Die Urheberrechte dieser Website liegen vollst\u00e4ndig bei der GLOBOS Logistik- und Informationssysteme GmbH. Die zur Verf\u00fcgung gestellten Informationen und Inhalte d\u00fcrfen nur zu Informationszwecken verwendet werden. Das Kopieren, Drucken oder Herunterladen von eingeh\u00e4ngten Dokumenten ist nur zu Informationszwecken erlaubt. Die Vervielf\u00e4ltigung von Informationen oder Daten, insbesondere die Verwendung von Texten, Textteilen oder Bildmaterial bedarf der vorherigen Zustimmung.<\/p>\n\n\n\n<h3 class=\"wp-block-heading\" data-toc=\"\">Haftungshinweis<\/h3>\n\n\n\n<p>Alle Inhalte auf unserer Website haben wir sorgf\u00e4ltig zusammengestellt und gepr\u00fcft. Trotz aller Sorgfalt kann eine Haftung oder Garantie f\u00fcr die Richtigkeit, Vollst\u00e4ndigkeit und Aktualit\u00e4t der Daten nicht \u00fcbernommen werden. Dies gilt auch f\u00fcr alle anderen Websites, auf die mit Hyperlinks verwiesen wird. Wir sind f\u00fcr den Inhalt der Websites, die aufgrund einer solchen Verbindung erreicht werden, nicht verantwortlich. Wir behalten uns das Recht vor, Aktualisierungen, \u00c4nderungen oder Erg\u00e4nzungen an den bereitgestellten Informationen und Daten vorzunehmen.<\/p>\n\n\n\n<h3 class=\"wp-block-heading\" data-toc=\"\">W3C-Konformit\u00e4t<\/h3>\n\n\n\n<p>Diese Internetpr\u00e4senz ist nach den g\u00fcltigen Empfehlungen des World Wide Web Consortium (W3C) erstellt.<\/p>\n\n\n\n<p>Das W3C gibt Standards und Web-Richtlinien zur Weiterentwicklung der Internet-Technologien, die den Fortschritt des Internets f\u00f6rdern und seine Interoperabilit\u00e4t sicherstellen, heraus (http:\/\/www.w3.org).<\/p>\n\n\n\n<p>Ein W3C-valider Quellcode ist die Grundvoraussetzung f\u00fcr eine gute Suchmaschinenoptimierung und barrierefreie Webseiten. Mit dem sogenannten \u201eValidator\u201c k\u00f6nnen Sie \u00fcberpr\u00fcfen, ob Webseiten Richtlinienkonform erstellt worden sind.<\/p>\n\n\n\n<p>Die W3C-konforme Umsetzung der XHTML und CSS Programmierung ist ein Qualit\u00e4tsmerkmal f\u00fcr professionelle Internetseiten.<\/p>\n\n\n\n<div style=\"height:51px\" aria-hidden=\"true\" class=\"wp-block-spacer\"><\/div>\n\n\n\n<h3 class=\"wp-block-heading\" data-toc=\"\">Sicherheitsl\u00fccken melden<\/h3>\n\n\n\n<p>Wenn Sie eine Sicherheitsl\u00fccke oder Schwachstelle in unseren Systemen entdecken, bitten wir Sie, uns dies vertraulich mitzuteilen. Bitte senden Sie Ihre Meldung an: security@globos.de. Wir nehmen jeden Hinweis ernst und melden uns zeitnah zur\u00fcck.<\/p>\n<\/div>\n\n\n\n<div class=\"wp-block-column is-layout-flow wp-block-column-is-layout-flow\">\n<h3 class=\"wp-block-heading\" data-toc=\"\">Bildnachweise<\/h3>\n\n\n\n<p>Das Bildmaterial auf den nachfolgend aufgef\u00fchrten Seiten entstammt den Bildagenturen istockphoto.de und Fotolia.com bzw. den genannten Quellen:<\/p>\n\n\n<p><span class=\"img-copyright-notice\">printronix 600x400 &copy; <\/span><br \/><span class=\"img-copyright-notice\">tsc 600x400 &copy; <\/span><br \/><span class=\"img-copyright-notice\">datalogic 600x400 &copy; <\/span><br \/><span class=\"img-copyright-notice\">mobilis_600x400 &copy; <\/span><br \/><span class=\"img-copyright-notice\">honeywell 600x400 &copy; <\/span><br \/><span class=\"img-copyright-notice\">rea 600x400 &copy; <\/span><br \/><span class=\"img-copyright-notice\">fleetgo 600x400 &copy; <\/span><br \/><span class=\"img-copyright-notice\">ISO 9001_2026 &copy; <\/span><br \/><\/p>\n\n\n\n<p><strong>Startseite:<\/strong><br>\u00a9 istockphoto.de\/Dario Egidi<br>\u00a9 fotolia.com\/gui yong nian<br>\u00a9 istockphoto.de\/vm<br>\u00a9 fotolia.com\/Photocreo Bednarek<br>\u00a9 nordroden \u2013 stock.adobe.com<br>\u00a9 chalabala \u2013 stock.adobe.com<\/p>\n\n\n\n<p><strong>Leistungen | Projektmanagement:<\/strong><br>\u00a9 fotolia.com\/kalafoto<br>\u00a9 fotolia.com\/industrieblick<\/p>\n\n\n\n<p><strong>Leistungen | Consulting:<\/strong><br>\u00a9 fotolia.com\/Rawpixel<\/p>\n\n\n\n<p><strong>Leistungen | Help Desk:<\/strong><br>\u00a9 fotolia.com\/Flexmedia<\/p>\n\n\n\n<p><strong>Leistungen | Hardware-Entwicklung:<\/strong><br>\u00a9 istockphoto.de\/mariusz_prusaczyk<\/p>\n\n\n\n<p><strong>Leistungen | Installation &#038; Inbetriebnahme:<\/strong><br>\u00a9 istockphoto.de\/Rasica<\/p>\n\n\n\n<p><strong>Leistungen | Leih-Equipment:<\/strong><br>\u00a9 fotolia.com\/Les Cunliffe<\/p>\n\n\n\n<p><strong>Leistungen | Software-Anpassung:<\/strong><br>\u00a9 fotolia.com\/LeoPatrizi<\/p>\n\n\n\n<p><strong>GLOBOS | Historie &#038; Philosophie:<\/strong><br>\u00a9 fotolia.com\/Photocreo Bednarek<\/p>\n\n\n\n<p><strong>GLOBOS | Messen &#038; Veranstaltungen:<\/strong><br>\u00a9 fotolia.com\/davis<\/p>\n\n\n\n<p><strong>GLOBOS | Sponsoring:<\/strong><br>\u00a9 istockphoto.de\/Laoshi<br>\u00a9 fotolia.com\/nadezhda1906<br>\u00a9 Erlebniszoo Hannover<\/p>\n<\/div>\n<\/div>\n<\/div><\/div>\n\n\n\n<p><\/p>\n","protected":false},"excerpt":{"rendered":"<p>GLOBOS Logistik- und Informationssysteme GmbHAhrensburger Stra\u00dfe 4-6D-30659 Hannover Telefon: +49 (511) 76920-0Telefax: +49 (511) 76920-250Mail: info@globos.deWeb: www.globos.de Sitz der Gesellschaft: HannoverAmtsgericht: Hannover, HRB 56497Vertret\u2026<\/p>\n","protected":false},"author":1,"featured_media":21422,"parent":0,"menu_order":999,"comment_status":"closed","ping_status":"closed","template":"","meta":{"_EventAllDay":false,"_EventTimezone":"","_EventStartDate":"","_EventEndDate":"","_EventStartDateUTC":"","_EventEndDateUTC":"","_EventShowMap":false,"_EventShowMapLink":false,"_EventURL":"","_EventCost":"","_EventCostDescription":"","_EventCurrencySymbol":"","_EventCurrencyCode":"","_EventCurrencyPosition":"","_EventDateTimeSeparator":"","_EventTimeRangeSeparator":"","_EventOrganizerID":[],"_EventVenueID":[],"_OrganizerEmail":"","_OrganizerPhone":"","_OrganizerWebsite":"","_VenueAddress":"","_VenueCity":"","_VenueCountry":"","_VenueProvince":"","_VenueState":"","_VenueZip":"","_VenuePhone":"","_VenueURL":"","_VenueStateProvince":"","_VenueLat":"","_VenueLng":"","_VenueShowMap":false,"_VenueShowMapLink":false,"footnotes":""},"class_list":["post-97","page","type-page","status-publish","has-post-thumbnail","hentry"],"_links":{"self":[{"href":"https:\/\/www.globos.de\/en\/wp-json\/wp\/v2\/pages\/97","targetHints":{"allow":["GET"]}}],"collection":[{"href":"https:\/\/www.globos.de\/en\/wp-json\/wp\/v2\/pages"}],"about":[{"href":"https:\/\/www.globos.de\/en\/wp-json\/wp\/v2\/types\/page"}],"author":[{"embeddable":true,"href":"https:\/\/www.globos.de\/en\/wp-json\/wp\/v2\/users\/1"}],"replies":[{"embeddable":true,"href":"https:\/\/www.globos.de\/en\/wp-json\/wp\/v2\/comments?post=97"}],"version-history":[{"count":28,"href":"https:\/\/www.globos.de\/en\/wp-json\/wp\/v2\/pages\/97\/revisions"}],"predecessor-version":[{"id":34536,"href":"https:\/\/www.globos.de\/en\/wp-json\/wp\/v2\/pages\/97\/revisions\/34536"}],"wp:featuredmedia":[{"embeddable":true,"href":"https:\/\/www.globos.de\/en\/wp-json\/wp\/v2\/media\/21422"}],"wp:attachment":[{"href":"https:\/\/www.globos.de\/en\/wp-json\/wp\/v2\/media?parent=97"}],"curies":[{"name":"wp","href":"https:\/\/api.w.org\/{rel}","templated":true}]}}